{"id":230,"date":"2019-05-24T19:23:33","date_gmt":"2019-05-24T19:23:33","guid":{"rendered":"https:\/\/agro-senegal.com\/?page_id=230"},"modified":"2019-07-12T16:50:00","modified_gmt":"2019-07-12T16:50:00","slug":"mission-and-vision","status":"publish","type":"page","link":"https:\/\/agro-senegal.com\/en\/mission-and-vision\/","title":{"rendered":"Mission and vision"},"content":{"rendered":"<div class=\"slider-wrapper relative\" id=\"slider-761760927\" >\n    <div class=\"slider slider-nav-circle slider-nav-large slider-nav-dark slider-style-normal\"\n        data-flickity-options='{\n            \"cellAlign\": \"center\",\n            \"imagesLoaded\": true,\n            \"lazyLoad\": 1,\n            \"freeScroll\": false,\n            \"wrapAround\": true,\n            \"autoPlay\": 6000,\n            \"pauseAutoPlayOnHover\" : true,\n            \"prevNextButtons\": false,\n            \"contain\" : true,\n            \"adaptiveHeight\" : true,\n            \"dragThreshold\" : 10,\n            \"percentPosition\": true,\n            \"pageDots\": false,\n            \"rightToLeft\": false,\n            \"draggable\": true,\n            \"selectedAttraction\": 0.1,\n            \"parallax\" : 0,\n            \"friction\": 0.6        }'\n        >\n        \r\n\n  <div class=\"banner has-hover\" id=\"banner-1519510166\">\n          <div class=\"banner-inner fill\">\n        <div class=\"banner-bg fill\" >\n            <img loading=\"lazy\" decoding=\"async\" width=\"1020\" height=\"160\" src=\"https:\/\/agro-senegal.com\/wp-content\/uploads\/2019\/07\/customer-satisfaction-agro-expedition-international2-1400x219.jpg\" class=\"bg attachment-large size-large\" alt=\"\" \/>                                    \n                    <\/div>\n\t\t\n        <div class=\"banner-layers container\">\n            <div class=\"fill banner-link\"><\/div>            \r\n        <\/div>\n      <\/div>\n\n            \n<style>\n#banner-1519510166 {\n  padding-top: 300px;\n}\n<\/style>\n  <\/div>\n\n\r\n\r\n\n  <div class=\"banner has-hover\" id=\"banner-2053962351\">\n          <div class=\"banner-inner fill\">\n        <div class=\"banner-bg fill\" >\n            <img loading=\"lazy\" decoding=\"async\" width=\"1020\" height=\"160\" src=\"https:\/\/agro-senegal.com\/wp-content\/uploads\/2019\/07\/wholesale-frozen-food-agro-expedition-international-1400x219.jpg\" class=\"bg attachment-large size-large\" alt=\"\" \/>                                    \n                    <\/div>\n\t\t\n        <div class=\"banner-layers container\">\n            <div class=\"fill banner-link\"><\/div>            \r\n        <\/div>\n      <\/div>\n\n            \n<style>\n#banner-2053962351 {\n  padding-top: 300px;\n}\n<\/style>\n  <\/div>\n\n\r\n\r\n\n  <div class=\"banner has-hover\" id=\"banner-666222107\">\n          <div class=\"banner-inner fill\">\n        <div class=\"banner-bg fill\" 0>\n            <img loading=\"lazy\" decoding=\"async\" width=\"1020\" height=\"160\" src=\"https:\/\/agro-senegal.com\/wp-content\/uploads\/2019\/07\/wholesale-frozen-fish-agro-expedition-international-1400x219.jpg\" class=\"bg attachment-large size-large\" alt=\"\" \/>                                    \n                    <\/div>\n\t\t\n        <div class=\"banner-layers container\">\n            <div class=\"fill banner-link\"><\/div>            \r\n\r\n        <\/div>\n      <\/div>\n\n            \n<style>\n#banner-666222107 {\n  padding-top: 300px;\n}\n<\/style>\n  <\/div>\n\n\r\n\r\n     <\/div>\n\n     <div class=\"loading-spin dark large centered\"><\/div>\n\n\t<\/div>\n\n\n\t<div id=\"gap-1944934791\" class=\"gap-element clearfix\" style=\"display:block; height:auto;\">\n\t\t\n<style>\n#gap-1944934791 {\n  padding-top: 80px;\n}\n<\/style>\n\t<\/div>\n\t\n<div class=\"row\"  id=\"row-1829664896\">\n\n\t<div id=\"col-856141686\" class=\"col medium-1\/1 large-12\"  >\n\t\t\t\t<div class=\"col-inner\"  >\n\t\t\t\n\t\t\t\n<h1>Mission and vision:<\/h1>\n<ul>\n<li>delivering excellent quality of product and service<\/li>\n<li>being a daily part of the delivery of fresh products to Senegalese households<\/li>\n<li>supporting local production processes<\/li>\n<li>help local businesses further develop and promote their services<\/li>\n<li>supplement the market where necessary with our own imported products<\/li>\n<li>we at Agro Expedition Senegal are proud of our vision to think differently and to do business differently. The New Way of Working is a goal that we strive after.<\/li>\n<li>every employee of our company realises that our mission and vision towards our professional relations continue outside of working hours and the working place. Together, we proudly promote our company 24\/7.<\/li>\n<li>trust is a building block of the relationships between our customers, our suppliers, our partners and our employees. This allows us to grow together.<\/li>\n<li>we, all employees of Agro Expedition Senegal, are proud to contribute to the Program d&#8217;acc\u00e9ration de la cadence de l&#8217;agriculture s\u00e9n\u00e9galaise (PRACAS). And other agricultural programs supported by the Senegalese government for the development of Senegal.<\/li>\n<\/ul>\n\t\t<\/div>\n\t\t\t\t\t<\/div>\n\n\t\n<\/div>\n\t<div id=\"gap-431749505\" class=\"gap-element clearfix\" style=\"display:block; height:auto;\">\n\t\t\n<style>\n#gap-431749505 {\n  padding-top: 140px;\n}\n<\/style>\n\t<\/div>\n\t\n","protected":false},"excerpt":{"rendered":"","protected":false},"author":1,"featured_media":0,"parent":0,"menu_order":0,"comment_status":"closed","ping_status":"closed","template":"page-blank.php","meta":{"footnotes":""},"class_list":["post-230","page","type-page","status-publish","hentry"],"yoast_head":"<!-- This site is optimized with the Yoast SEO plugin v25.2 - https:\/\/yoast.com\/wordpress\/plugins\/seo\/ -->\n<title>Mission and vision - Agro Expedition S\u00e9n\u00e9gal<\/title>\n<meta name=\"robots\" content=\"index, follow, max-snippet:-1, max-image-preview:large, max-video-preview:-1\" \/>\n<link rel=\"canonical\" href=\"https:\/\/agro-senegal.com\/en\/mission-and-vision\/\" \/>\n<meta property=\"og:locale\" content=\"en_US\" \/>\n<meta property=\"og:type\" content=\"article\" \/>\n<meta property=\"og:title\" content=\"Mission and vision - Agro Expedition S\u00e9n\u00e9gal\" \/>\n<meta property=\"og:url\" content=\"https:\/\/agro-senegal.com\/en\/mission-and-vision\/\" \/>\n<meta property=\"og:site_name\" content=\"Agro Expedition S\u00e9n\u00e9gal\" \/>\n<meta property=\"article:modified_time\" content=\"2019-07-12T16:50:00+00:00\" \/>\n<meta name=\"twitter:card\" content=\"summary_large_image\" \/>\n<meta name=\"twitter:label1\" content=\"Est. reading time\" \/>\n\t<meta name=\"twitter:data1\" content=\"1 minute\" \/>\n<script type=\"application\/ld+json\" class=\"yoast-schema-graph\">{\"@context\":\"https:\/\/schema.org\",\"@graph\":[{\"@type\":\"WebPage\",\"@id\":\"https:\/\/agro-senegal.com\/en\/mission-and-vision\/\",\"url\":\"https:\/\/agro-senegal.com\/en\/mission-and-vision\/\",\"name\":\"Mission and vision - Agro Expedition S\u00e9n\u00e9gal\",\"isPartOf\":{\"@id\":\"https:\/\/agro-senegal.com\/#website\"},\"datePublished\":\"2019-05-24T19:23:33+00:00\",\"dateModified\":\"2019-07-12T16:50:00+00:00\",\"breadcrumb\":{\"@id\":\"https:\/\/agro-senegal.com\/en\/mission-and-vision\/#breadcrumb\"},\"inLanguage\":\"en-US\",\"potentialAction\":[{\"@type\":\"ReadAction\",\"target\":[\"https:\/\/agro-senegal.com\/en\/mission-and-vision\/\"]}]},{\"@type\":\"BreadcrumbList\",\"@id\":\"https:\/\/agro-senegal.com\/en\/mission-and-vision\/#breadcrumb\",\"itemListElement\":[{\"@type\":\"ListItem\",\"position\":1,\"name\":\"Home\",\"item\":\"https:\/\/agro-senegal.com\/en\/\"},{\"@type\":\"ListItem\",\"position\":2,\"name\":\"Mission and vision\"}]},{\"@type\":\"WebSite\",\"@id\":\"https:\/\/agro-senegal.com\/#website\",\"url\":\"https:\/\/agro-senegal.com\/\",\"name\":\"Agro Expedition S\u00e9n\u00e9gal\",\"description\":\"\",\"potentialAction\":[{\"@type\":\"SearchAction\",\"target\":{\"@type\":\"EntryPoint\",\"urlTemplate\":\"https:\/\/agro-senegal.com\/?s={search_term_string}\"},\"query-input\":{\"@type\":\"PropertyValueSpecification\",\"valueRequired\":true,\"valueName\":\"search_term_string\"}}],\"inLanguage\":\"en-US\"}]}<\/script>\n<!-- \/ Yoast SEO plugin. -->","yoast_head_json":{"title":"Mission and vision - Agro Expedition S\u00e9n\u00e9gal","robots":{"index":"index","follow":"follow","max-snippet":"max-snippet:-1","max-image-preview":"max-image-preview:large","max-video-preview":"max-video-preview:-1"},"canonical":"https:\/\/agro-senegal.com\/en\/mission-and-vision\/","og_locale":"en_US","og_type":"article","og_title":"Mission and vision - Agro Expedition S\u00e9n\u00e9gal","og_url":"https:\/\/agro-senegal.com\/en\/mission-and-vision\/","og_site_name":"Agro Expedition S\u00e9n\u00e9gal","article_modified_time":"2019-07-12T16:50:00+00:00","twitter_card":"summary_large_image","twitter_misc":{"Est. reading time":"1 minute"},"schema":{"@context":"https:\/\/schema.org","@graph":[{"@type":"WebPage","@id":"https:\/\/agro-senegal.com\/en\/mission-and-vision\/","url":"https:\/\/agro-senegal.com\/en\/mission-and-vision\/","name":"Mission and vision - Agro Expedition S\u00e9n\u00e9gal","isPartOf":{"@id":"https:\/\/agro-senegal.com\/#website"},"datePublished":"2019-05-24T19:23:33+00:00","dateModified":"2019-07-12T16:50:00+00:00","breadcrumb":{"@id":"https:\/\/agro-senegal.com\/en\/mission-and-vision\/#breadcrumb"},"inLanguage":"en-US","potentialAction":[{"@type":"ReadAction","target":["https:\/\/agro-senegal.com\/en\/mission-and-vision\/"]}]},{"@type":"BreadcrumbList","@id":"https:\/\/agro-senegal.com\/en\/mission-and-vision\/#breadcrumb","itemListElement":[{"@type":"ListItem","position":1,"name":"Home","item":"https:\/\/agro-senegal.com\/en\/"},{"@type":"ListItem","position":2,"name":"Mission and vision"}]},{"@type":"WebSite","@id":"https:\/\/agro-senegal.com\/#website","url":"https:\/\/agro-senegal.com\/","name":"Agro Expedition S\u00e9n\u00e9gal","description":"","potentialAction":[{"@type":"SearchAction","target":{"@type":"EntryPoint","urlTemplate":"https:\/\/agro-senegal.com\/?s={search_term_string}"},"query-input":{"@type":"PropertyValueSpecification","valueRequired":true,"valueName":"search_term_string"}}],"inLanguage":"en-US"}]}},"_links":{"self":[{"href":"https:\/\/agro-senegal.com\/en\/wp-json\/wp\/v2\/pages\/230","targetHints":{"allow":["GET"]}}],"collection":[{"href":"https:\/\/agro-senegal.com\/en\/wp-json\/wp\/v2\/pages"}],"about":[{"href":"https:\/\/agro-senegal.com\/en\/wp-json\/wp\/v2\/types\/page"}],"author":[{"embeddable":true,"href":"https:\/\/agro-senegal.com\/en\/wp-json\/wp\/v2\/users\/1"}],"replies":[{"embeddable":true,"href":"https:\/\/agro-senegal.com\/en\/wp-json\/wp\/v2\/comments?post=230"}],"version-history":[{"count":3,"href":"https:\/\/agro-senegal.com\/en\/wp-json\/wp\/v2\/pages\/230\/revisions"}],"predecessor-version":[{"id":285,"href":"https:\/\/agro-senegal.com\/en\/wp-json\/wp\/v2\/pages\/230\/revisions\/285"}],"wp:attachment":[{"href":"https:\/\/agro-senegal.com\/en\/wp-json\/wp\/v2\/media?parent=230"}],"curies":[{"name":"wp","href":"https:\/\/api.w.org\/{rel}","templated":true}]}}