{"id":241,"date":"2019-05-24T19:39:35","date_gmt":"2019-05-24T19:39:35","guid":{"rendered":"https:\/\/agro-senegal.com\/?page_id=241"},"modified":"2019-05-24T19:39:47","modified_gmt":"2019-05-24T19:39:47","slug":"faq","status":"publish","type":"page","link":"https:\/\/agro-senegal.com\/en\/faq\/","title":{"rendered":"FAQ"},"content":{"rendered":"<div class=\"slider-wrapper relative\" id=\"slider-1580481525\" >\n    <div class=\"slider slider-nav-circle slider-nav-large slider-nav-dark slider-style-normal\"\n        data-flickity-options='{\n            \"cellAlign\": \"center\",\n            \"imagesLoaded\": true,\n            \"lazyLoad\": 1,\n            \"freeScroll\": false,\n            \"wrapAround\": true,\n            \"autoPlay\": 6000,\n            \"pauseAutoPlayOnHover\" : true,\n            \"prevNextButtons\": false,\n            \"contain\" : true,\n            \"adaptiveHeight\" : true,\n            \"dragThreshold\" : 10,\n            \"percentPosition\": true,\n            \"pageDots\": false,\n            \"rightToLeft\": false,\n            \"draggable\": true,\n            \"selectedAttraction\": 0.1,\n            \"parallax\" : 0,\n            \"friction\": 0.6        }'\n        >\n        \r\n\n  <div class=\"banner has-hover\" id=\"banner-1997963828\">\n          <div class=\"banner-inner fill\">\n        <div class=\"banner-bg fill\" >\n            <img loading=\"lazy\" decoding=\"async\" width=\"1020\" height=\"160\" src=\"https:\/\/agro-senegal.com\/wp-content\/uploads\/2019\/07\/customer-satisfaction-agro-expedition-international2-1400x219.jpg\" class=\"bg attachment-large size-large\" alt=\"\" \/>                                    \n                    <\/div>\n\t\t\n        <div class=\"banner-layers container\">\n            <div class=\"fill banner-link\"><\/div>            \r\n        <\/div>\n      <\/div>\n\n            \n<style>\n#banner-1997963828 {\n  padding-top: 300px;\n}\n<\/style>\n  <\/div>\n\n\r\n\r\n\n  <div class=\"banner has-hover\" id=\"banner-1745781728\">\n          <div class=\"banner-inner fill\">\n        <div class=\"banner-bg fill\" >\n            <img loading=\"lazy\" decoding=\"async\" width=\"1020\" height=\"160\" src=\"https:\/\/agro-senegal.com\/wp-content\/uploads\/2019\/07\/wholesale-frozen-food-agro-expedition-international-1400x219.jpg\" class=\"bg attachment-large size-large\" alt=\"\" \/>                                    \n                    <\/div>\n\t\t\n        <div class=\"banner-layers container\">\n            <div class=\"fill banner-link\"><\/div>            \r\n        <\/div>\n      <\/div>\n\n            \n<style>\n#banner-1745781728 {\n  padding-top: 300px;\n}\n<\/style>\n  <\/div>\n\n\r\n\r\n\n  <div class=\"banner has-hover\" id=\"banner-734383720\">\n          <div class=\"banner-inner fill\">\n        <div class=\"banner-bg fill\" 0>\n            <img loading=\"lazy\" decoding=\"async\" width=\"1020\" height=\"160\" src=\"https:\/\/agro-senegal.com\/wp-content\/uploads\/2019\/07\/wholesale-frozen-fish-agro-expedition-international-1400x219.jpg\" class=\"bg attachment-large size-large\" alt=\"\" \/>                                    \n                    <\/div>\n\t\t\n        <div class=\"banner-layers container\">\n            <div class=\"fill banner-link\"><\/div>            \r\n\r\n        <\/div>\n      <\/div>\n\n            \n<style>\n#banner-734383720 {\n  padding-top: 300px;\n}\n<\/style>\n  <\/div>\n\n\r\n\r\n     <\/div>\n\n     <div class=\"loading-spin dark large centered\"><\/div>\n\n\t<\/div>\n\n\n\t<div id=\"gap-1218790716\" class=\"gap-element clearfix\" style=\"display:block; height:auto;\">\n\t\t\n<style>\n#gap-1218790716 {\n  padding-top: 30px;\n}\n<\/style>\n\t<\/div>\n\t\n<div class=\"row\"  id=\"row-1287179094\">\n\n\t<div id=\"col-1281449919\" class=\"col medium-1\/1 large-12\"  >\n\t\t\t\t<div class=\"col-inner\"  >\n\t\t\t\n\t\t\t\n<h1>FAQ<\/h1>\n<div class=\"accordion\">\r\n\t<div id=\"accordion-1377162612\" class=\"accordion-item\">\n\t\t<a id=\"accordion-1377162612-label\" class=\"accordion-title plain\" href=\"#accordion-item-which-group-does-agro-expedition-senegal-belong-to?-%20-%20-\" aria-expanded=\"false\" aria-controls=\"accordion-1377162612-content\" >\n\t\t\t<button class=\"toggle\" aria-label=\"Toggle\"><i class=\"icon-angle-down\"><\/i><\/button>\n\t\t\t<span>Which group does Agro Expedition Senegal belong to?     <\/span>\n\t\t<\/a>\n\t\t<div id=\"accordion-1377162612-content\" class=\"accordion-inner\" aria-labelledby=\"accordion-1377162612-label\" >\n\t\t\t\r\nAgro Expedition Senegal is one of the three subsidiaries of the Dutch agricultural group Silas Export Holding BV.\r\n\t\t<\/div>\n\t<\/div>\n\t\r\n\t<div id=\"accordion-2740775173\" class=\"accordion-item\">\n\t\t<a id=\"accordion-2740775173-label\" class=\"accordion-title plain\" href=\"#accordion-item-what-are-the-minimum-quantities-of-each-product-and-per-order-that-can-be-admitted-to-agro-exp\u00e9dition-s\u00e9n\u00e9gal?\" aria-expanded=\"false\" aria-controls=\"accordion-2740775173-content\" >\n\t\t\t<button class=\"toggle\" aria-label=\"Toggle\"><i class=\"icon-angle-down\"><\/i><\/button>\n\t\t\t<span>What are the minimum quantities of each product and per order that can be admitted to Agro Exp\u00e9dition S\u00e9n\u00e9gal?<\/span>\n\t\t<\/a>\n\t\t<div id=\"accordion-2740775173-content\" class=\"accordion-inner\" aria-labelledby=\"accordion-2740775173-label\" >\n\t\t\t\r\nWe have wooden boxes with a capacity of 1,450 kg each. The rental and our rates are done by checkout.  \r\n\t\t<\/div>\n\t<\/div>\n\t\r\n\t<div id=\"accordion-116569749\" class=\"accordion-item\">\n\t\t<a id=\"accordion-116569749-label\" class=\"accordion-title plain\" href=\"#accordion-item-can-we-store-only-onions-and-potatoes-at-agro-exp\u00e9dition-senegal?-\" aria-expanded=\"false\" aria-controls=\"accordion-116569749-content\" >\n\t\t\t<button class=\"toggle\" aria-label=\"Toggle\"><i class=\"icon-angle-down\"><\/i><\/button>\n\t\t\t<span>Can we store only onions and potatoes at Agro Exp\u00e9dition Senegal? <\/span>\n\t\t<\/a>\n\t\t<div id=\"accordion-116569749-content\" class=\"accordion-inner\" aria-labelledby=\"accordion-116569749-label\" >\n\t\t\t\r\nIn addition to our cells specially designed for the storage of onions and potatoes with the temperature and aeration settings required for these two products (which we store separately, of course!), we have sufficient electrical outlets in Agro Exp\u00e9dition S\u00e9n\u00e9gal to which any refrigerated container can be connected!\r\n\r\nAgro Exp\u00e9dition Senegal also offers the possibility to other companies or individuals to store non-cold chain products at very competitive prices. These services may optionally be accompanied by our so-called transit (customs clearance) and handling operations.\r\n\t\t<\/div>\n\t<\/div>\n\t\r\n\t<div id=\"accordion-3300522746\" class=\"accordion-item\">\n\t\t<a id=\"accordion-3300522746-label\" class=\"accordion-title plain\" href=\"#accordion-item-do-we-still-have-to-pay-storage-fees-in-advance?-\" aria-expanded=\"false\" aria-controls=\"accordion-3300522746-content\" >\n\t\t\t<button class=\"toggle\" aria-label=\"Toggle\"><i class=\"icon-angle-down\"><\/i><\/button>\n\t\t\t<span>Do we still have to pay storage fees in advance? <\/span>\n\t\t<\/a>\n\t\t<div id=\"accordion-3300522746-content\" class=\"accordion-inner\" aria-labelledby=\"accordion-3300522746-label\" >\n\t\t\t\r\nAt Agro Exp\u00e9dition S\u00e9n\u00e9gal, the admission of your products in our warehouses is done only by simple acceptance of a contract that customers or their agents must obligatorily sign. To make a withdrawal of products, our services must first be paid. No exceptions to this rule are permitted or possible.\r\n\r\n\t\t<\/div>\n\t<\/div>\n\t\r\n\t<div id=\"accordion-3701234042\" class=\"accordion-item\">\n\t\t<a id=\"accordion-3701234042-label\" class=\"accordion-title plain\" href=\"#accordion-item-can-we-negotiate-long-term-storage-contracts-with-more-attractive-rates?-\" aria-expanded=\"false\" aria-controls=\"accordion-3701234042-content\" >\n\t\t\t<button class=\"toggle\" aria-label=\"Toggle\"><i class=\"icon-angle-down\"><\/i><\/button>\n\t\t\t<span>Can we negotiate long-term storage contracts with more attractive rates? <\/span>\n\t\t<\/a>\n\t\t<div id=\"accordion-3701234042-content\" class=\"accordion-inner\" aria-labelledby=\"accordion-3701234042-label\" >\n\t\t\t\r\nThis is only possible for so-called non-perishable goods.\r\n\t\t<\/div>\n\t<\/div>\n\t\r\n<\/div>\n\t\t<\/div>\n\t\t\t\t\t<\/div>\n\n\t\n<\/div>\n\t<div id=\"gap-433244346\" class=\"gap-element clearfix\" style=\"display:block; height:auto;\">\n\t\t\n<style>\n#gap-433244346 {\n  padding-top: 140px;\n}\n<\/style>\n\t<\/div>\n\t\n","protected":false},"excerpt":{"rendered":"","protected":false},"author":1,"featured_media":0,"parent":0,"menu_order":0,"comment_status":"closed","ping_status":"closed","template":"page-blank.php","meta":{"footnotes":""},"class_list":["post-241","page","type-page","status-publish","hentry"],"yoast_head":"<!-- This site is optimized with the Yoast SEO plugin v25.2 - https:\/\/yoast.com\/wordpress\/plugins\/seo\/ -->\n<title>FAQ - Agro Expedition S\u00e9n\u00e9gal<\/title>\n<meta name=\"robots\" content=\"index, follow, max-snippet:-1, max-image-preview:large, max-video-preview:-1\" \/>\n<link rel=\"canonical\" href=\"https:\/\/agro-senegal.com\/en\/faq\/\" \/>\n<meta property=\"og:locale\" content=\"en_US\" \/>\n<meta property=\"og:type\" content=\"article\" \/>\n<meta property=\"og:title\" content=\"FAQ - Agro Expedition S\u00e9n\u00e9gal\" \/>\n<meta property=\"og:url\" content=\"https:\/\/agro-senegal.com\/en\/faq\/\" \/>\n<meta property=\"og:site_name\" content=\"Agro Expedition S\u00e9n\u00e9gal\" \/>\n<meta property=\"article:modified_time\" content=\"2019-05-24T19:39:47+00:00\" \/>\n<meta name=\"twitter:card\" content=\"summary_large_image\" \/>\n<script type=\"application\/ld+json\" class=\"yoast-schema-graph\">{\"@context\":\"https:\/\/schema.org\",\"@graph\":[{\"@type\":\"WebPage\",\"@id\":\"https:\/\/agro-senegal.com\/en\/faq\/\",\"url\":\"https:\/\/agro-senegal.com\/en\/faq\/\",\"name\":\"FAQ - Agro Expedition S\u00e9n\u00e9gal\",\"isPartOf\":{\"@id\":\"https:\/\/agro-senegal.com\/#website\"},\"datePublished\":\"2019-05-24T19:39:35+00:00\",\"dateModified\":\"2019-05-24T19:39:47+00:00\",\"breadcrumb\":{\"@id\":\"https:\/\/agro-senegal.com\/en\/faq\/#breadcrumb\"},\"inLanguage\":\"en-US\",\"potentialAction\":[{\"@type\":\"ReadAction\",\"target\":[\"https:\/\/agro-senegal.com\/en\/faq\/\"]}]},{\"@type\":\"BreadcrumbList\",\"@id\":\"https:\/\/agro-senegal.com\/en\/faq\/#breadcrumb\",\"itemListElement\":[{\"@type\":\"ListItem\",\"position\":1,\"name\":\"Home\",\"item\":\"https:\/\/agro-senegal.com\/en\/\"},{\"@type\":\"ListItem\",\"position\":2,\"name\":\"FAQ\"}]},{\"@type\":\"WebSite\",\"@id\":\"https:\/\/agro-senegal.com\/#website\",\"url\":\"https:\/\/agro-senegal.com\/\",\"name\":\"Agro Expedition S\u00e9n\u00e9gal\",\"description\":\"\",\"potentialAction\":[{\"@type\":\"SearchAction\",\"target\":{\"@type\":\"EntryPoint\",\"urlTemplate\":\"https:\/\/agro-senegal.com\/?s={search_term_string}\"},\"query-input\":{\"@type\":\"PropertyValueSpecification\",\"valueRequired\":true,\"valueName\":\"search_term_string\"}}],\"inLanguage\":\"en-US\"}]}<\/script>\n<!-- \/ Yoast SEO plugin. -->","yoast_head_json":{"title":"FAQ - Agro Expedition S\u00e9n\u00e9gal","robots":{"index":"index","follow":"follow","max-snippet":"max-snippet:-1","max-image-preview":"max-image-preview:large","max-video-preview":"max-video-preview:-1"},"canonical":"https:\/\/agro-senegal.com\/en\/faq\/","og_locale":"en_US","og_type":"article","og_title":"FAQ - Agro Expedition S\u00e9n\u00e9gal","og_url":"https:\/\/agro-senegal.com\/en\/faq\/","og_site_name":"Agro Expedition S\u00e9n\u00e9gal","article_modified_time":"2019-05-24T19:39:47+00:00","twitter_card":"summary_large_image","schema":{"@context":"https:\/\/schema.org","@graph":[{"@type":"WebPage","@id":"https:\/\/agro-senegal.com\/en\/faq\/","url":"https:\/\/agro-senegal.com\/en\/faq\/","name":"FAQ - Agro Expedition S\u00e9n\u00e9gal","isPartOf":{"@id":"https:\/\/agro-senegal.com\/#website"},"datePublished":"2019-05-24T19:39:35+00:00","dateModified":"2019-05-24T19:39:47+00:00","breadcrumb":{"@id":"https:\/\/agro-senegal.com\/en\/faq\/#breadcrumb"},"inLanguage":"en-US","potentialAction":[{"@type":"ReadAction","target":["https:\/\/agro-senegal.com\/en\/faq\/"]}]},{"@type":"BreadcrumbList","@id":"https:\/\/agro-senegal.com\/en\/faq\/#breadcrumb","itemListElement":[{"@type":"ListItem","position":1,"name":"Home","item":"https:\/\/agro-senegal.com\/en\/"},{"@type":"ListItem","position":2,"name":"FAQ"}]},{"@type":"WebSite","@id":"https:\/\/agro-senegal.com\/#website","url":"https:\/\/agro-senegal.com\/","name":"Agro Expedition S\u00e9n\u00e9gal","description":"","potentialAction":[{"@type":"SearchAction","target":{"@type":"EntryPoint","urlTemplate":"https:\/\/agro-senegal.com\/?s={search_term_string}"},"query-input":{"@type":"PropertyValueSpecification","valueRequired":true,"valueName":"search_term_string"}}],"inLanguage":"en-US"}]}},"_links":{"self":[{"href":"https:\/\/agro-senegal.com\/en\/wp-json\/wp\/v2\/pages\/241","targetHints":{"allow":["GET"]}}],"collection":[{"href":"https:\/\/agro-senegal.com\/en\/wp-json\/wp\/v2\/pages"}],"about":[{"href":"https:\/\/agro-senegal.com\/en\/wp-json\/wp\/v2\/types\/page"}],"author":[{"embeddable":true,"href":"https:\/\/agro-senegal.com\/en\/wp-json\/wp\/v2\/users\/1"}],"replies":[{"embeddable":true,"href":"https:\/\/agro-senegal.com\/en\/wp-json\/wp\/v2\/comments?post=241"}],"version-history":[{"count":1,"href":"https:\/\/agro-senegal.com\/en\/wp-json\/wp\/v2\/pages\/241\/revisions"}],"predecessor-version":[{"id":242,"href":"https:\/\/agro-senegal.com\/en\/wp-json\/wp\/v2\/pages\/241\/revisions\/242"}],"wp:attachment":[{"href":"https:\/\/agro-senegal.com\/en\/wp-json\/wp\/v2\/media?parent=241"}],"curies":[{"name":"wp","href":"https:\/\/api.w.org\/{rel}","templated":true}]}}