{"id":309,"date":"2019-07-12T17:19:18","date_gmt":"2019-07-12T17:19:18","guid":{"rendered":"https:\/\/agro-senegal.com\/?page_id=309"},"modified":"2019-07-12T17:21:11","modified_gmt":"2019-07-12T17:21:11","slug":"logistics","status":"publish","type":"page","link":"https:\/\/agro-senegal.com\/en\/logistics\/","title":{"rendered":"Logistics"},"content":{"rendered":"<div class=\"slider-wrapper relative\" id=\"slider-1724108577\" >\n    <div class=\"slider slider-nav-circle slider-nav-large slider-nav-dark slider-style-normal\"\n        data-flickity-options='{\n            \"cellAlign\": \"center\",\n            \"imagesLoaded\": true,\n            \"lazyLoad\": 1,\n            \"freeScroll\": false,\n            \"wrapAround\": true,\n            \"autoPlay\": 6000,\n            \"pauseAutoPlayOnHover\" : true,\n            \"prevNextButtons\": false,\n            \"contain\" : true,\n            \"adaptiveHeight\" : true,\n            \"dragThreshold\" : 10,\n            \"percentPosition\": true,\n            \"pageDots\": false,\n            \"rightToLeft\": false,\n            \"draggable\": true,\n            \"selectedAttraction\": 0.1,\n            \"parallax\" : 0,\n            \"friction\": 0.6        }'\n        >\n        \r\n\n  <div class=\"banner has-hover\" id=\"banner-1268262025\">\n          <div class=\"banner-inner fill\">\n        <div class=\"banner-bg fill\" >\n            <img loading=\"lazy\" decoding=\"async\" width=\"1020\" height=\"160\" src=\"https:\/\/agro-senegal.com\/wp-content\/uploads\/2019\/07\/customer-satisfaction-agro-expedition-international2-1400x219.jpg\" class=\"bg attachment-large size-large\" alt=\"\" \/>                                    \n                    <\/div>\n\t\t\n        <div class=\"banner-layers container\">\n            <div class=\"fill banner-link\"><\/div>            \r\n        <\/div>\n      <\/div>\n\n            \n<style>\n#banner-1268262025 {\n  padding-top: 300px;\n}\n<\/style>\n  <\/div>\n\n\r\n\r\n\n  <div class=\"banner has-hover\" id=\"banner-797176444\">\n          <div class=\"banner-inner fill\">\n        <div class=\"banner-bg fill\" >\n            <img loading=\"lazy\" decoding=\"async\" width=\"1020\" height=\"160\" src=\"https:\/\/agro-senegal.com\/wp-content\/uploads\/2019\/07\/wholesale-frozen-food-agro-expedition-international-1400x219.jpg\" class=\"bg attachment-large size-large\" alt=\"\" \/>                                    \n                    <\/div>\n\t\t\n        <div class=\"banner-layers container\">\n            <div class=\"fill banner-link\"><\/div>            \r\n        <\/div>\n      <\/div>\n\n            \n<style>\n#banner-797176444 {\n  padding-top: 300px;\n}\n<\/style>\n  <\/div>\n\n\r\n\r\n\n  <div class=\"banner has-hover\" id=\"banner-871382513\">\n          <div class=\"banner-inner fill\">\n        <div class=\"banner-bg fill\" 0>\n            <img loading=\"lazy\" decoding=\"async\" width=\"1020\" height=\"160\" src=\"https:\/\/agro-senegal.com\/wp-content\/uploads\/2019\/07\/wholesale-frozen-fish-agro-expedition-international-1400x219.jpg\" class=\"bg attachment-large size-large\" alt=\"\" \/>                                    \n                    <\/div>\n\t\t\n        <div class=\"banner-layers container\">\n            <div class=\"fill banner-link\"><\/div>            \r\n\r\n        <\/div>\n      <\/div>\n\n            \n<style>\n#banner-871382513 {\n  padding-top: 300px;\n}\n<\/style>\n  <\/div>\n\n\r\n\r\n     <\/div>\n\n     <div class=\"loading-spin dark large centered\"><\/div>\n\n\t<\/div>\n\n\n\t<div id=\"gap-1365160683\" class=\"gap-element clearfix\" style=\"display:block; height:auto;\">\n\t\t\n<style>\n#gap-1365160683 {\n  padding-top: 80px;\n}\n<\/style>\n\t<\/div>\n\t\n<div class=\"row\"  id=\"row-1915888874\">\n\n\t<div id=\"col-1498879720\" class=\"col medium-1\/1 large-12\"  >\n\t\t\t\t<div class=\"col-inner\"  >\n\t\t\t\n\t\t\t\n<h1>Technology<\/h1>\n<ul>\n<li>very modern and innovative technology both in the cold storage units as everything else<\/li>\n<li>specially treated wooden boxes that are adapted to the customer&#8217;s wishes for his product<\/li>\n<li>accepting and delivering the products with the right equipment and machines<\/li>\n<\/ul>\n\t\t<\/div>\n\t\t\t\t\t<\/div>\n\n\t\n<\/div>\n<div class=\"row\"  id=\"row-858014160\">\n\n\t<div id=\"col-869810693\" class=\"col medium-1\/2 large-6\"  >\n\t\t\t\t<div class=\"col-inner\"  >\n\t\t\t\n\t\t\t\n<img loading=\"lazy\" decoding=\"async\" class=\"alignnone size-full wp-image-4645\" src=\"https:\/\/agro-senegal.com\/wp-content\/uploads\/2019\/07\/technologie-agro-senegal-1.jpg\" alt=\"technologie-agro-senegal-1\" width=\"1000\" height=\"667\" \/><br \/>\n\t\t<\/div>\n\t\t\t\t\t<\/div>\n\n\t\n\n\t<div id=\"col-2136593203\" class=\"col medium-1\/2 large-6\"  >\n\t\t\t\t<div class=\"col-inner\"  >\n\t\t\t\n\t\t\t\n<img loading=\"lazy\" decoding=\"async\" class=\"alignnone size-full wp-image-4646\" src=\"https:\/\/agro-senegal.com\/wp-content\/uploads\/2019\/07\/technologie-agro-senegal-2.jpg\" alt=\"technologie-agro-senegal-2\" width=\"1000\" height=\"667\" \/><br \/>\n\t\t<\/div>\n\t\t\t\t\t<\/div>\n\n\t\n<\/div>\n<div class=\"row\"  id=\"row-145563221\">\n\n\t<div id=\"col-1506111637\" class=\"col medium-1\/2 large-6\"  >\n\t\t\t\t<div class=\"col-inner\"  >\n\t\t\t\n\t\t\t\n<img loading=\"lazy\" decoding=\"async\" class=\"alignnone size-full wp-image-4647\" src=\"https:\/\/agro-senegal.com\/wp-content\/uploads\/2019\/07\/technologie-agro-senegal-3.jpg\" alt=\"\" width=\"1000\" height=\"667\" \/><br \/>\n\t\t<\/div>\n\t\t\t\t\t<\/div>\n\n\t\n\n\t<div id=\"col-542474680\" class=\"col medium-1\/2 large-6\"  >\n\t\t\t\t<div class=\"col-inner\"  >\n\t\t\t\n\t\t\t\n<img loading=\"lazy\" decoding=\"async\" class=\"alignnone size-full wp-image-4648\" src=\"https:\/\/agro-senegal.com\/wp-content\/uploads\/2019\/07\/technologie-agro-senegal-4.jpg\" alt=\"technologie-agro-senegal-4\" width=\"1000\" height=\"667\" \/><br \/>\n\t\t<\/div>\n\t\t\t\t\t<\/div>\n\n\t\n<\/div>\n<div class=\"row\"  id=\"row-954583039\">\n\n\t<div id=\"col-205738131\" class=\"col medium-1\/1 large-12\"  >\n\t\t\t\t<div class=\"col-inner\"  >\n\t\t\t\n\t\t\t\n<h1>Infrastructure<\/h1>\n<ul>\n<li>a plot of land of 1.5 hectares<\/li>\n<li>modern and well-equipped offices for the dynamic and motivated employees<\/li>\n<li>multiple cold storage units with high roofs where onions and potatoes are stored separately. This in order to monitor the high quality of our products<\/li>\n<li>loading and unloading at docks<\/li>\n<li>offer different points of storage to the customer when they can not keep their containers with carrots and garlic in the cold storage units because they are already full of potatoes and onions<\/li>\n<\/ul>\n\t\t<\/div>\n\t\t\t\t\t<\/div>\n\n\t\n<\/div>\n<div class=\"row\"  id=\"row-1711432895\">\n\n\t<div id=\"col-1020752578\" class=\"col medium-1\/3 large-4\"  >\n\t\t\t\t<div class=\"col-inner\"  >\n\t\t\t\n\t\t\t<img decoding=\"async\" class=\"alignnone\" src=\"https:\/\/agro-senegal.com\/wp-content\/uploads\/2019\/07\/Propri\u00e9t\u00e9s-agro-expedition-senegal.jpg\" alt=\"Propri\u00e9t\u00e9s-agro-expedition-senegal\" width=\"300\" \/>\t\t<\/div>\n\t\t\t\t\t<\/div>\n\n\t\n\n\t<div id=\"col-258697957\" class=\"col medium-1\/3 large-4\"  >\n\t\t\t\t<div class=\"col-inner\"  >\n\t\t\t\n\t\t\t<img decoding=\"async\" class=\"alignnone\" src=\"https:\/\/agro-senegal.com\/wp-content\/uploads\/2019\/07\/Service-Client\u00e8le-Agro-Exp\u00e9dition-S\u00e9n\u00e9gal-1.jpg\" alt=\"\" width=\"300\" \/>\t\t<\/div>\n\t\t\t\t\t<\/div>\n\n\t\n\n\t<div id=\"col-376685284\" class=\"col medium-1\/3 large-4\"  >\n\t\t\t\t<div class=\"col-inner\"  >\n\t\t\t\n\t\t\t<img decoding=\"async\" class=\"alignnone\" src=\"https:\/\/agro-senegal.com\/wp-content\/uploads\/2019\/07\/Propri\u00e9t\u00e9s.jpg\" alt=\"\" width=\"300\" \/>\t\t<\/div>\n\t\t\t\t\t<\/div>\n\n\t\n<\/div>\n\t<div id=\"gap-835608064\" class=\"gap-element clearfix\" style=\"display:block; height:auto;\">\n\t\t\n<style>\n#gap-835608064 {\n  padding-top: 140px;\n}\n<\/style>\n\t<\/div>\n\t\n","protected":false},"excerpt":{"rendered":"","protected":false},"author":1,"featured_media":0,"parent":0,"menu_order":0,"comment_status":"closed","ping_status":"closed","template":"page-blank.php","meta":{"footnotes":""},"class_list":["post-309","page","type-page","status-publish","hentry"],"yoast_head":"<!-- This site is optimized with the Yoast SEO plugin v25.2 - https:\/\/yoast.com\/wordpress\/plugins\/seo\/ -->\n<title>Conditioned storage of onions in Dakar, Senegal.<\/title>\n<meta name=\"description\" content=\"Conditioned storage of onions in Dakar, Senegal.\" \/>\n<meta name=\"robots\" content=\"index, follow, max-snippet:-1, max-image-preview:large, max-video-preview:-1\" \/>\n<link rel=\"canonical\" href=\"https:\/\/agro-senegal.com\/en\/logistics\/\" \/>\n<meta property=\"og:locale\" content=\"en_US\" \/>\n<meta property=\"og:type\" content=\"article\" \/>\n<meta property=\"og:title\" content=\"Conditioned storage of onions in Dakar, Senegal.\" \/>\n<meta property=\"og:description\" content=\"Conditioned storage of onions in Dakar, Senegal.\" \/>\n<meta property=\"og:url\" content=\"https:\/\/agro-senegal.com\/en\/logistics\/\" \/>\n<meta property=\"og:site_name\" content=\"Agro Expedition S\u00e9n\u00e9gal\" \/>\n<meta property=\"article:modified_time\" content=\"2019-07-12T17:21:11+00:00\" \/>\n<meta property=\"og:image\" content=\"https:\/\/agro-senegal.com\/wp-content\/uploads\/2019\/07\/technologie-agro-senegal-1.jpg\" \/>\n<meta name=\"twitter:card\" content=\"summary_large_image\" \/>\n<meta name=\"twitter:label1\" content=\"Est. reading time\" \/>\n\t<meta name=\"twitter:data1\" content=\"1 minute\" \/>\n<script type=\"application\/ld+json\" class=\"yoast-schema-graph\">{\"@context\":\"https:\/\/schema.org\",\"@graph\":[{\"@type\":\"WebPage\",\"@id\":\"https:\/\/agro-senegal.com\/en\/logistics\/\",\"url\":\"https:\/\/agro-senegal.com\/en\/logistics\/\",\"name\":\"Conditioned storage of onions in Dakar, Senegal.\",\"isPartOf\":{\"@id\":\"https:\/\/agro-senegal.com\/#website\"},\"primaryImageOfPage\":{\"@id\":\"https:\/\/agro-senegal.com\/en\/logistics\/#primaryimage\"},\"image\":{\"@id\":\"https:\/\/agro-senegal.com\/en\/logistics\/#primaryimage\"},\"thumbnailUrl\":\"https:\/\/agro-senegal.com\/wp-content\/uploads\/2019\/07\/technologie-agro-senegal-1.jpg\",\"datePublished\":\"2019-07-12T17:19:18+00:00\",\"dateModified\":\"2019-07-12T17:21:11+00:00\",\"description\":\"Conditioned storage of onions in Dakar, Senegal.\",\"breadcrumb\":{\"@id\":\"https:\/\/agro-senegal.com\/en\/logistics\/#breadcrumb\"},\"inLanguage\":\"en-US\",\"potentialAction\":[{\"@type\":\"ReadAction\",\"target\":[\"https:\/\/agro-senegal.com\/en\/logistics\/\"]}]},{\"@type\":\"ImageObject\",\"inLanguage\":\"en-US\",\"@id\":\"https:\/\/agro-senegal.com\/en\/logistics\/#primaryimage\",\"url\":\"https:\/\/agro-senegal.com\/wp-content\/uploads\/2019\/07\/technologie-agro-senegal-1.jpg\",\"contentUrl\":\"https:\/\/agro-senegal.com\/wp-content\/uploads\/2019\/07\/technologie-agro-senegal-1.jpg\"},{\"@type\":\"BreadcrumbList\",\"@id\":\"https:\/\/agro-senegal.com\/en\/logistics\/#breadcrumb\",\"itemListElement\":[{\"@type\":\"ListItem\",\"position\":1,\"name\":\"Home\",\"item\":\"https:\/\/agro-senegal.com\/en\/\"},{\"@type\":\"ListItem\",\"position\":2,\"name\":\"Logistics\"}]},{\"@type\":\"WebSite\",\"@id\":\"https:\/\/agro-senegal.com\/#website\",\"url\":\"https:\/\/agro-senegal.com\/\",\"name\":\"Agro Expedition S\u00e9n\u00e9gal\",\"description\":\"\",\"potentialAction\":[{\"@type\":\"SearchAction\",\"target\":{\"@type\":\"EntryPoint\",\"urlTemplate\":\"https:\/\/agro-senegal.com\/?s={search_term_string}\"},\"query-input\":{\"@type\":\"PropertyValueSpecification\",\"valueRequired\":true,\"valueName\":\"search_term_string\"}}],\"inLanguage\":\"en-US\"}]}<\/script>\n<!-- \/ Yoast SEO plugin. -->","yoast_head_json":{"title":"Conditioned storage of onions in Dakar, Senegal.","description":"Conditioned storage of onions in Dakar, Senegal.","robots":{"index":"index","follow":"follow","max-snippet":"max-snippet:-1","max-image-preview":"max-image-preview:large","max-video-preview":"max-video-preview:-1"},"canonical":"https:\/\/agro-senegal.com\/en\/logistics\/","og_locale":"en_US","og_type":"article","og_title":"Conditioned storage of onions in Dakar, Senegal.","og_description":"Conditioned storage of onions in Dakar, Senegal.","og_url":"https:\/\/agro-senegal.com\/en\/logistics\/","og_site_name":"Agro Expedition S\u00e9n\u00e9gal","article_modified_time":"2019-07-12T17:21:11+00:00","og_image":[{"url":"https:\/\/agro-senegal.com\/wp-content\/uploads\/2019\/07\/technologie-agro-senegal-1.jpg","type":"","width":"","height":""}],"twitter_card":"summary_large_image","twitter_misc":{"Est. reading time":"1 minute"},"schema":{"@context":"https:\/\/schema.org","@graph":[{"@type":"WebPage","@id":"https:\/\/agro-senegal.com\/en\/logistics\/","url":"https:\/\/agro-senegal.com\/en\/logistics\/","name":"Conditioned storage of onions in Dakar, Senegal.","isPartOf":{"@id":"https:\/\/agro-senegal.com\/#website"},"primaryImageOfPage":{"@id":"https:\/\/agro-senegal.com\/en\/logistics\/#primaryimage"},"image":{"@id":"https:\/\/agro-senegal.com\/en\/logistics\/#primaryimage"},"thumbnailUrl":"https:\/\/agro-senegal.com\/wp-content\/uploads\/2019\/07\/technologie-agro-senegal-1.jpg","datePublished":"2019-07-12T17:19:18+00:00","dateModified":"2019-07-12T17:21:11+00:00","description":"Conditioned storage of onions in Dakar, Senegal.","breadcrumb":{"@id":"https:\/\/agro-senegal.com\/en\/logistics\/#breadcrumb"},"inLanguage":"en-US","potentialAction":[{"@type":"ReadAction","target":["https:\/\/agro-senegal.com\/en\/logistics\/"]}]},{"@type":"ImageObject","inLanguage":"en-US","@id":"https:\/\/agro-senegal.com\/en\/logistics\/#primaryimage","url":"https:\/\/agro-senegal.com\/wp-content\/uploads\/2019\/07\/technologie-agro-senegal-1.jpg","contentUrl":"https:\/\/agro-senegal.com\/wp-content\/uploads\/2019\/07\/technologie-agro-senegal-1.jpg"},{"@type":"BreadcrumbList","@id":"https:\/\/agro-senegal.com\/en\/logistics\/#breadcrumb","itemListElement":[{"@type":"ListItem","position":1,"name":"Home","item":"https:\/\/agro-senegal.com\/en\/"},{"@type":"ListItem","position":2,"name":"Logistics"}]},{"@type":"WebSite","@id":"https:\/\/agro-senegal.com\/#website","url":"https:\/\/agro-senegal.com\/","name":"Agro Expedition S\u00e9n\u00e9gal","description":"","potentialAction":[{"@type":"SearchAction","target":{"@type":"EntryPoint","urlTemplate":"https:\/\/agro-senegal.com\/?s={search_term_string}"},"query-input":{"@type":"PropertyValueSpecification","valueRequired":true,"valueName":"search_term_string"}}],"inLanguage":"en-US"}]}},"_links":{"self":[{"href":"https:\/\/agro-senegal.com\/en\/wp-json\/wp\/v2\/pages\/309","targetHints":{"allow":["GET"]}}],"collection":[{"href":"https:\/\/agro-senegal.com\/en\/wp-json\/wp\/v2\/pages"}],"about":[{"href":"https:\/\/agro-senegal.com\/en\/wp-json\/wp\/v2\/types\/page"}],"author":[{"embeddable":true,"href":"https:\/\/agro-senegal.com\/en\/wp-json\/wp\/v2\/users\/1"}],"replies":[{"embeddable":true,"href":"https:\/\/agro-senegal.com\/en\/wp-json\/wp\/v2\/comments?post=309"}],"version-history":[{"count":4,"href":"https:\/\/agro-senegal.com\/en\/wp-json\/wp\/v2\/pages\/309\/revisions"}],"predecessor-version":[{"id":327,"href":"https:\/\/agro-senegal.com\/en\/wp-json\/wp\/v2\/pages\/309\/revisions\/327"}],"wp:attachment":[{"href":"https:\/\/agro-senegal.com\/en\/wp-json\/wp\/v2\/media?parent=309"}],"curies":[{"name":"wp","href":"https:\/\/api.w.org\/{rel}","templated":true}]}}