{"id":45,"date":"2016-02-18T15:10:52","date_gmt":"2016-02-18T15:10:52","guid":{"rendered":"http:\/\/flatsome.dev\/?page_id=4041"},"modified":"2025-06-08T15:34:27","modified_gmt":"2025-06-08T15:34:27","slug":"simple-corporate","status":"publish","type":"page","link":"https:\/\/agro-senegal.com\/en\/","title":{"rendered":"Agro Expedition S\u00e9n\u00e9gal"},"content":{"rendered":"<div class=\"slider-wrapper relative\" id=\"slider-176748036\" >\n    <div class=\"slider slider-nav-circle slider-nav-large slider-nav-dark slider-style-normal\"\n        data-flickity-options='{\n            \"cellAlign\": \"center\",\n            \"imagesLoaded\": true,\n            \"lazyLoad\": 1,\n            \"freeScroll\": false,\n            \"wrapAround\": true,\n            \"autoPlay\": 6000,\n            \"pauseAutoPlayOnHover\" : true,\n            \"prevNextButtons\": false,\n            \"contain\" : true,\n            \"adaptiveHeight\" : true,\n            \"dragThreshold\" : 10,\n            \"percentPosition\": true,\n            \"pageDots\": false,\n            \"rightToLeft\": false,\n            \"draggable\": true,\n            \"selectedAttraction\": 0.1,\n            \"parallax\" : 0,\n            \"friction\": 0.6        }'\n        >\n        \r\n\n  <div class=\"banner has-hover\" id=\"banner-736756665\">\n          <div class=\"banner-inner fill\">\n        <div class=\"banner-bg fill\" >\n            <img loading=\"lazy\" decoding=\"async\" width=\"1020\" height=\"160\" src=\"https:\/\/agro-senegal.com\/wp-content\/uploads\/2019\/07\/customer-satisfaction-agro-expedition-international2-1400x219.jpg\" class=\"bg attachment-large size-large\" alt=\"\" \/>                                    \n                    <\/div>\n\t\t\n        <div class=\"banner-layers container\">\n            <div class=\"fill banner-link\"><\/div>            \r\n        <\/div>\n      <\/div>\n\n            \n<style>\n#banner-736756665 {\n  padding-top: 300px;\n}\n<\/style>\n  <\/div>\n\n\r\n\r\n\n  <div class=\"banner has-hover\" id=\"banner-701096951\">\n          <div class=\"banner-inner fill\">\n        <div class=\"banner-bg fill\" >\n            <img loading=\"lazy\" decoding=\"async\" width=\"1020\" height=\"160\" src=\"https:\/\/agro-senegal.com\/wp-content\/uploads\/2019\/07\/wholesale-frozen-food-agro-expedition-international-1400x219.jpg\" class=\"bg attachment-large size-large\" alt=\"\" \/>                                    \n                    <\/div>\n\t\t\n        <div class=\"banner-layers container\">\n            <div class=\"fill banner-link\"><\/div>            \r\n        <\/div>\n      <\/div>\n\n            \n<style>\n#banner-701096951 {\n  padding-top: 300px;\n}\n<\/style>\n  <\/div>\n\n\r\n\r\n\n  <div class=\"banner has-hover\" id=\"banner-658411554\">\n          <div class=\"banner-inner fill\">\n        <div class=\"banner-bg fill\" 0>\n            <img loading=\"lazy\" decoding=\"async\" width=\"1020\" height=\"160\" src=\"https:\/\/agro-senegal.com\/wp-content\/uploads\/2019\/07\/wholesale-frozen-fish-agro-expedition-international-1400x219.jpg\" class=\"bg attachment-large size-large\" alt=\"\" \/>                                    \n                    <\/div>\n\t\t\n        <div class=\"banner-layers container\">\n            <div class=\"fill banner-link\"><\/div>            \r\n\r\n        <\/div>\n      <\/div>\n\n            \n<style>\n#banner-658411554 {\n  padding-top: 300px;\n}\n<\/style>\n  <\/div>\n\n\r\n\r\n     <\/div>\n\n     <div class=\"loading-spin dark large centered\"><\/div>\n\n\t<\/div>\n\n\n\t<div id=\"gap-1512381149\" class=\"gap-element clearfix\" style=\"display:block; height:auto;\">\n\t\t\n<style>\n#gap-1512381149 {\n  padding-top: 80px;\n}\n<\/style>\n\t<\/div>\n\t\n<div class=\"row\"  id=\"row-841366972\">\n  \n\t<div id=\"col-1765121523\" class=\"col medium-1\/1 large-12\"  >\n\t\t\t\t<div class=\"col-inner\"  >\n\t\t\t\n\t\t\t\n<h1 style=\"text-align: center;\">Agro Expedition S\u00e9n\u00e9gal<\/h1>\n<p>    <img loading=\"lazy\" decoding=\"async\" class=\"alignnone size-full wp-image-4595\" src=\"http:\/\/agro-senegal.com\/wp-content\/uploads\/2018\/06\/test1.png\" alt=\"\" width=\"1050\" height=\"40\" \/><br \/>\nAgro Expedition Senegal is a subsidiary of the Dutch group <a title=\"Silas Export\" href=\"http:\/\/www.silasexport.nl\/en\" target=\"_blank\" rel=\"noopener noreferrer\">Silas Export Holding B.V.<\/a> and is located in Diamniadio, a suburb of Dakar.<br \/>\n  \t\t<\/div>\n\t\t\t\t\t<\/div>\n\n\t\n<\/div>\n<div class=\"row\"  id=\"row-2048376685\">\n  \n\t<div id=\"col-92053496\" class=\"col medium-1\/2 large-6\"  >\n\t\t\t\t<div class=\"col-inner\"  >\n\t\t\t\n\t\t\t\n<h2>Our primary objective<\/h2>\n<ul>\n<li>keep potatoes and onions refrigerated for a longer period<\/li>\n<li>offer fresh products within the local market<\/li>\n<li>generate a larger profit margin for our customers<\/li>\n<\/ul>\n<p>  \t\t<\/div>\n\t\t\t\t\t<\/div>\n\n\t\n  \n\t<div id=\"col-538001497\" class=\"col medium-1\/2 large-6\"  >\n\t\t\t\t<div class=\"col-inner\"  >\n\t\t\t\n\t\t\t\n<h2>What we offer<\/h2>\n<ul>\n<li>respond to the demand of production of potatoes and onions in Senegal<\/li>\n<li>constant refinement of the logistics systems<\/li>\n<li>modern and high-quality facilities of storage and conservation<\/li>\n<li>offer a controlled market of the local production line<\/li>\n<li>keeping the product quality at a high standard<\/li>\n<li>giving our customer a strong competitive product within their market<\/li>\n<\/ul>\n<p>  \t\t<\/div>\n\t\t\t\t\t<\/div>\n\n\t\n<\/div>\n<div class=\"row\"  id=\"row-2071462046\">\n  \n\t<div id=\"col-1708161332\" class=\"col medium-1\/1 large-12\"  >\n\t\t\t\t<div class=\"col-inner\"  >\n\t\t\t\n\t\t\t\n<h2>Official Visit of the Minister of Agriculture and the Dutch Ambassador.<\/h2>\n<p>      On April 11th, 2025, His Excellency Dr. Mabouba Diagne, Minister of Agriculture, Food Sovereignty and Livestock of the Republic of Senegal, paid an official visit to the facilities of Agro Exp\u00e9dition S\u00e9n\u00e9gal in Diamniadio. <\/p>\n<p>He was accompanied by Her Excellency the Ambassador of the Kingdom of the Netherlands to Senegal, as part of efforts to strengthen strategic partnerships between Senegal and the Netherlands in the fields of agriculture and agri-logistics. The delegation was given a tour of our modern storage and packaging facilities and learned more about our initiatives to improve post-harvest preservation of locally produced crops, particularly onions and potatoes. <\/p>\n<p>This official visit marks an important recognition of Agro Exp\u00e9dition S\u00e9n\u00e9gal as a key player in food security and the development of agricultural value chains in Senegal.<br \/>\n  \t\t<\/div>\n\t\t\t\t\t<\/div>\n\n\t\n<\/div>\n<div class=\"row\"  id=\"row-363940896\">\n  \n\t<div id=\"col-1085966190\" class=\"col medium-1\/2 large-6\"  >\n\t\t\t\t<div class=\"col-inner\"  >\n\t\t\t\n\t\t\t\n    <br \/>\n    <img loading=\"lazy\" decoding=\"async\" src=\"https:\/\/agro-senegal.com\/wp-content\/uploads\/2025\/06\/agro-senegal_8.jpg\" alt=\"\" width=\"600\" height=\"559\" class=\"alignnone size-full wp-image-611\" srcset=\"https:\/\/agro-senegal.com\/wp-content\/uploads\/2025\/06\/agro-senegal_8.jpg 600w, https:\/\/agro-senegal.com\/wp-content\/uploads\/2025\/06\/agro-senegal_8-429x400.jpg 429w\" sizes=\"auto, (max-width: 600px) 100vw, 600px\" \/><br \/>\n    <br \/>\n    <img loading=\"lazy\" decoding=\"async\" src=\"https:\/\/agro-senegal.com\/wp-content\/uploads\/2025\/06\/agro-senegal_1.jpg\" alt=\"\" width=\"600\" height=\"399\" class=\"alignnone size-full wp-image-573\" \/><br \/>\n    <br \/>\n    <img loading=\"lazy\" decoding=\"async\" src=\"https:\/\/agro-senegal.com\/wp-content\/uploads\/2025\/06\/agro-senegal_2.jpg\" alt=\"\" width=\"600\" height=\"399\" class=\"alignnone size-full wp-image-576\" \/><br \/>\n    <br \/>\n    <img loading=\"lazy\" decoding=\"async\" src=\"https:\/\/agro-senegal.com\/wp-content\/uploads\/2025\/06\/agro-senegal_4.jpg\" alt=\"\" width=\"600\" height=\"399\" class=\"alignnone size-full wp-image-582\" \/><br \/>\n    <br \/>\n  \t\t<\/div>\n\t\t\t\t\t<\/div>\n\n\t\n  \n\t<div id=\"col-1236999632\" class=\"col medium-1\/2 large-6\"  >\n\t\t\t\t<div class=\"col-inner\"  >\n\t\t\t\n\t\t\t\n    <br \/>\n    <img loading=\"lazy\" decoding=\"async\" src=\"https:\/\/agro-senegal.com\/wp-content\/uploads\/2025\/06\/agro-senegal_3.jpg\" alt=\"\" width=\"600\" height=\"399\" class=\"alignnone size-full wp-image-579\" \/><br \/>\n    <br \/>\n    <img loading=\"lazy\" decoding=\"async\" src=\"https:\/\/agro-senegal.com\/wp-content\/uploads\/2025\/06\/agro-senegal_6.jpg\" alt=\"\" width=\"600\" height=\"399\" class=\"alignnone size-full wp-image-588\" \/><br \/>\n    <br \/>\n    <img loading=\"lazy\" decoding=\"async\" src=\"https:\/\/agro-senegal.com\/wp-content\/uploads\/2025\/06\/agro-senegal_7.jpg\" alt=\"\" width=\"600\" height=\"399\" class=\"alignnone size-full wp-image-591\" \/><br \/>\n    <br \/>\n    <img loading=\"lazy\" decoding=\"async\" src=\"https:\/\/agro-senegal.com\/wp-content\/uploads\/2025\/06\/agro-senegal_5.jpg\" alt=\"\" width=\"600\" height=\"559\" class=\"alignnone size-full wp-image-585\" srcset=\"https:\/\/agro-senegal.com\/wp-content\/uploads\/2025\/06\/agro-senegal_5.jpg 600w, https:\/\/agro-senegal.com\/wp-content\/uploads\/2025\/06\/agro-senegal_5-429x400.jpg 429w\" sizes=\"auto, (max-width: 600px) 100vw, 600px\" \/><br \/>\n    <br \/>\n  \t\t<\/div>\n\t\t\t\t\t<\/div>\n\n\t\n<\/div>\n<div class=\"row\"  id=\"row-1835692629\">\n<div class=\"container section-title-container\" ><h3 class=\"section-title section-title-center\"><b><\/b><span class=\"section-title-main\" >Every customer is unique. Our solutions are too.<\/span><b><\/b><\/h3><\/div>\n\n\t<div id=\"col-612139453\" class=\"col medium-1\/4 large-3\"  >\n\t\t\t\t<div class=\"col-inner\"  >\n\t\t\t\n\t\t\t\n\n\t\t<div class=\"icon-box featured-box icon-box-center text-center\"  >\n\t\t\t\t\t<div class=\"icon-box-img\" style=\"width: 60px\">\n\t\t\t\t<div class=\"icon\">\n\t\t\t\t\t<div class=\"icon-inner\" >\n\t\t\t\t\t\t<img decoding=\"async\" src=\"https:\/\/agro-senegal.com\/wp-content\/uploads\/2019\/07\/icon-quality-assurance-agro-expedition-international-60x60px.png\" alt=\"Quality guarantee\"\/>\t\t\t\t\t<\/div>\n\t\t\t\t<\/div>\n\t\t\t<\/div>\n\t\t\t\t<div class=\"icon-box-text last-reset\">\n\t\t\t<h5 class=\"uppercase\">Quality guarantee<\/h5>\t\t\t\t\t\t\nAgro Expedition Senegal believes that providing quality assurance to their customers is very important. We are therefore on top of our product from harvest, to inspection, to delivery to the customer in their own local market. Only in this way can we offer the excellent quality that our client is accustomed to.<br \/>\n\t\t<\/div>\n\t<\/div>\n\t\n\t\n\t\t<\/div>\n\t\t\t\t\t<\/div>\n\n\t\n\n\t<div id=\"col-1440407491\" class=\"col medium-1\/4 large-3\"  >\n\t\t\t\t<div class=\"col-inner\"  >\n\t\t\t\n\t\t\t\n\n\t\t<div class=\"icon-box featured-box icon-box-center text-center\"  >\n\t\t\t\t\t<div class=\"icon-box-img\" style=\"width: 60px\">\n\t\t\t\t<div class=\"icon\">\n\t\t\t\t\t<div class=\"icon-inner\" >\n\t\t\t\t\t\t<img decoding=\"async\" src=\"https:\/\/agro-senegal.com\/wp-content\/uploads\/2019\/07\/icon-affordability-agro-expedition-international-60x60px.png\" alt=\"Affordable prices\"\/>\t\t\t\t\t<\/div>\n\t\t\t\t<\/div>\n\t\t\t<\/div>\n\t\t\t\t<div class=\"icon-box-text last-reset\">\n\t\t\t<h5 class=\"uppercase\">Affordable prices<\/h5>\t\t\t\t\t\t\nWe offer attractive prices for our products and services so that every business and importer can make use of our cold storage units. For our prices, our contract models and the general conditions, please contact our customer service.<br \/>\n\t\t<\/div>\n\t<\/div>\n\t\n\t\n\t\t<\/div>\n\t\t\t\t\t<\/div>\n\n\t\n\n\t<div id=\"col-2022829634\" class=\"col medium-1\/4 large-3\"  >\n\t\t\t\t<div class=\"col-inner\"  >\n\t\t\t\n\t\t\t\n\n\t\t<div class=\"icon-box featured-box icon-box-center text-center\"  >\n\t\t\t\t\t<div class=\"icon-box-img\" style=\"width: 60px\">\n\t\t\t\t<div class=\"icon\">\n\t\t\t\t\t<div class=\"icon-inner\" >\n\t\t\t\t\t\t<img decoding=\"async\" src=\"https:\/\/agro-senegal.com\/wp-content\/uploads\/2019\/07\/icon-availability-agro-expedition-international-60x60px.png\" alt=\"Opening hours\"\/>\t\t\t\t\t<\/div>\n\t\t\t\t<\/div>\n\t\t\t<\/div>\n\t\t\t\t<div class=\"icon-box-text last-reset\">\n\t\t\t<h5 class=\"uppercase\">Opening hours<\/h5>\t\t\t\t\t\t\nWe are open from Monday to Saturday from 8.30 am to 5.30 pm.<br \/>\n\t\t<\/div>\n\t<\/div>\n\t\n\t\n\t\t<\/div>\n\t\t\t\t\t<\/div>\n\n\t\n\n\t<div id=\"col-247558221\" class=\"col medium-1\/4 large-3\"  >\n\t\t\t\t<div class=\"col-inner\"  >\n\t\t\t\n\t\t\t\n\n\t\t<div class=\"icon-box featured-box icon-box-center text-center\"  >\n\t\t\t\t\t<div class=\"icon-box-img\" style=\"width: 60px\">\n\t\t\t\t<div class=\"icon\">\n\t\t\t\t\t<div class=\"icon-inner\" >\n\t\t\t\t\t\t<img decoding=\"async\" src=\"https:\/\/agro-senegal.com\/wp-content\/uploads\/2019\/07\/transport-60x60px.png\" alt=\"Transport\"\/>\t\t\t\t\t<\/div>\n\t\t\t\t<\/div>\n\t\t\t<\/div>\n\t\t\t\t<div class=\"icon-box-text last-reset\">\n\t\t\t<h5 class=\"uppercase\">Transport<\/h5>\t\t\t\t\t\t\nWe can arrange transport for all your products. From collecting from the fields to delivering to your customers.<br \/>\n\t\t<\/div>\n\t<\/div>\n\t\n\t\n\t\t<\/div>\n\t\t\t\t\t<\/div>\n\n\t\n<\/div>\n<div class=\"row\"  id=\"row-163244074\">\n<div class=\"message-box relative dark\" style=\"padding-top:15px;padding-bottom:15px;\"><div class=\"message-box-bg-image bg-fill fill\" style=\"background-image:url(https:\/\/agro-senegal.com\/wp-content\/uploads\/2019\/07\/86c4b5-200x200px.jpg);\"><\/div><div class=\"message-box-bg-overlay bg-fill fill\" ><\/div><div class=\"container relative\"><div class=\"inner last-reset\">\n<span style=\"color: #ffffff;\">Agro Expedition Senegal headquarters is in Zaandam, the Netherlands, and has also several purchasing offices in different parts of the world: Europe, Asia, Latin America and Africa.<\/span><br \/>\n<\/div><\/div><\/div>\n<\/div>\n\t<div id=\"gap-151807369\" class=\"gap-element clearfix\" style=\"display:block; height:auto;\">\n\t\t\n<style>\n#gap-151807369 {\n  padding-top: 30px;\n}\n<\/style>\n\t<\/div>\n\t\n","protected":false},"excerpt":{"rendered":"","protected":false},"author":1,"featured_media":0,"parent":0,"menu_order":1,"comment_status":"closed","ping_status":"closed","template":"page-blank.php","meta":{"footnotes":""},"class_list":["post-45","page","type-page","status-publish","hentry"],"yoast_head":"<!-- This site is optimized with the Yoast SEO plugin v25.2 - https:\/\/yoast.com\/wordpress\/plugins\/seo\/ -->\n<title>Agro Expedition S\u00e9n\u00e9gal - Agro Expedition S\u00e9n\u00e9gal<\/title>\n<meta name=\"robots\" content=\"index, follow, max-snippet:-1, max-image-preview:large, max-video-preview:-1\" \/>\n<link rel=\"canonical\" href=\"https:\/\/agro-senegal.com\/en\/\" \/>\n<meta property=\"og:locale\" content=\"en_US\" \/>\n<meta property=\"og:type\" content=\"article\" \/>\n<meta property=\"og:title\" content=\"Agro Expedition S\u00e9n\u00e9gal - Agro Expedition S\u00e9n\u00e9gal\" \/>\n<meta property=\"og:url\" content=\"https:\/\/agro-senegal.com\/en\/\" \/>\n<meta property=\"og:site_name\" content=\"Agro Expedition S\u00e9n\u00e9gal\" \/>\n<meta property=\"article:modified_time\" content=\"2025-06-08T15:34:27+00:00\" \/>\n<meta property=\"og:image\" content=\"http:\/\/agro-senegal.com\/wp-content\/uploads\/2018\/06\/test1.png\" \/>\n<meta name=\"twitter:card\" content=\"summary_large_image\" \/>\n<meta name=\"twitter:label1\" content=\"Est. reading time\" \/>\n\t<meta name=\"twitter:data1\" content=\"5 minutes\" \/>\n<script type=\"application\/ld+json\" class=\"yoast-schema-graph\">{\"@context\":\"https:\/\/schema.org\",\"@graph\":[{\"@type\":\"WebPage\",\"@id\":\"https:\/\/agro-senegal.com\/en\/\",\"url\":\"https:\/\/agro-senegal.com\/en\/\",\"name\":\"Agro Expedition S\u00e9n\u00e9gal - Agro Expedition S\u00e9n\u00e9gal\",\"isPartOf\":{\"@id\":\"https:\/\/agro-senegal.com\/#website\"},\"primaryImageOfPage\":{\"@id\":\"https:\/\/agro-senegal.com\/en\/#primaryimage\"},\"image\":{\"@id\":\"https:\/\/agro-senegal.com\/en\/#primaryimage\"},\"thumbnailUrl\":\"http:\/\/agro-senegal.com\/wp-content\/uploads\/2018\/06\/test1.png\",\"datePublished\":\"2016-02-18T15:10:52+00:00\",\"dateModified\":\"2025-06-08T15:34:27+00:00\",\"breadcrumb\":{\"@id\":\"https:\/\/agro-senegal.com\/en\/#breadcrumb\"},\"inLanguage\":\"en-US\",\"potentialAction\":[{\"@type\":\"ReadAction\",\"target\":[\"https:\/\/agro-senegal.com\/en\/\"]}]},{\"@type\":\"ImageObject\",\"inLanguage\":\"en-US\",\"@id\":\"https:\/\/agro-senegal.com\/en\/#primaryimage\",\"url\":\"http:\/\/agro-senegal.com\/wp-content\/uploads\/2018\/06\/test1.png\",\"contentUrl\":\"http:\/\/agro-senegal.com\/wp-content\/uploads\/2018\/06\/test1.png\"},{\"@type\":\"BreadcrumbList\",\"@id\":\"https:\/\/agro-senegal.com\/en\/#breadcrumb\",\"itemListElement\":[{\"@type\":\"ListItem\",\"position\":1,\"name\":\"Home\",\"item\":\"https:\/\/agro-senegal.com\/en\/\"},{\"@type\":\"ListItem\",\"position\":2,\"name\":\"Agro Expedition S\u00e9n\u00e9gal\"}]},{\"@type\":\"WebSite\",\"@id\":\"https:\/\/agro-senegal.com\/#website\",\"url\":\"https:\/\/agro-senegal.com\/\",\"name\":\"Agro Expedition S\u00e9n\u00e9gal\",\"description\":\"\",\"potentialAction\":[{\"@type\":\"SearchAction\",\"target\":{\"@type\":\"EntryPoint\",\"urlTemplate\":\"https:\/\/agro-senegal.com\/?s={search_term_string}\"},\"query-input\":{\"@type\":\"PropertyValueSpecification\",\"valueRequired\":true,\"valueName\":\"search_term_string\"}}],\"inLanguage\":\"en-US\"}]}<\/script>\n<!-- \/ Yoast SEO plugin. -->","yoast_head_json":{"title":"Agro Expedition S\u00e9n\u00e9gal - Agro Expedition S\u00e9n\u00e9gal","robots":{"index":"index","follow":"follow","max-snippet":"max-snippet:-1","max-image-preview":"max-image-preview:large","max-video-preview":"max-video-preview:-1"},"canonical":"https:\/\/agro-senegal.com\/en\/","og_locale":"en_US","og_type":"article","og_title":"Agro Expedition S\u00e9n\u00e9gal - Agro Expedition S\u00e9n\u00e9gal","og_url":"https:\/\/agro-senegal.com\/en\/","og_site_name":"Agro Expedition S\u00e9n\u00e9gal","article_modified_time":"2025-06-08T15:34:27+00:00","og_image":[{"url":"http:\/\/agro-senegal.com\/wp-content\/uploads\/2018\/06\/test1.png","type":"","width":"","height":""}],"twitter_card":"summary_large_image","twitter_misc":{"Est. reading time":"5 minutes"},"schema":{"@context":"https:\/\/schema.org","@graph":[{"@type":"WebPage","@id":"https:\/\/agro-senegal.com\/en\/","url":"https:\/\/agro-senegal.com\/en\/","name":"Agro Expedition S\u00e9n\u00e9gal - Agro Expedition S\u00e9n\u00e9gal","isPartOf":{"@id":"https:\/\/agro-senegal.com\/#website"},"primaryImageOfPage":{"@id":"https:\/\/agro-senegal.com\/en\/#primaryimage"},"image":{"@id":"https:\/\/agro-senegal.com\/en\/#primaryimage"},"thumbnailUrl":"http:\/\/agro-senegal.com\/wp-content\/uploads\/2018\/06\/test1.png","datePublished":"2016-02-18T15:10:52+00:00","dateModified":"2025-06-08T15:34:27+00:00","breadcrumb":{"@id":"https:\/\/agro-senegal.com\/en\/#breadcrumb"},"inLanguage":"en-US","potentialAction":[{"@type":"ReadAction","target":["https:\/\/agro-senegal.com\/en\/"]}]},{"@type":"ImageObject","inLanguage":"en-US","@id":"https:\/\/agro-senegal.com\/en\/#primaryimage","url":"http:\/\/agro-senegal.com\/wp-content\/uploads\/2018\/06\/test1.png","contentUrl":"http:\/\/agro-senegal.com\/wp-content\/uploads\/2018\/06\/test1.png"},{"@type":"BreadcrumbList","@id":"https:\/\/agro-senegal.com\/en\/#breadcrumb","itemListElement":[{"@type":"ListItem","position":1,"name":"Home","item":"https:\/\/agro-senegal.com\/en\/"},{"@type":"ListItem","position":2,"name":"Agro Expedition S\u00e9n\u00e9gal"}]},{"@type":"WebSite","@id":"https:\/\/agro-senegal.com\/#website","url":"https:\/\/agro-senegal.com\/","name":"Agro Expedition S\u00e9n\u00e9gal","description":"","potentialAction":[{"@type":"SearchAction","target":{"@type":"EntryPoint","urlTemplate":"https:\/\/agro-senegal.com\/?s={search_term_string}"},"query-input":{"@type":"PropertyValueSpecification","valueRequired":true,"valueName":"search_term_string"}}],"inLanguage":"en-US"}]}},"_links":{"self":[{"href":"https:\/\/agro-senegal.com\/en\/wp-json\/wp\/v2\/pages\/45","targetHints":{"allow":["GET"]}}],"collection":[{"href":"https:\/\/agro-senegal.com\/en\/wp-json\/wp\/v2\/pages"}],"about":[{"href":"https:\/\/agro-senegal.com\/en\/wp-json\/wp\/v2\/types\/page"}],"author":[{"embeddable":true,"href":"https:\/\/agro-senegal.com\/en\/wp-json\/wp\/v2\/users\/1"}],"replies":[{"embeddable":true,"href":"https:\/\/agro-senegal.com\/en\/wp-json\/wp\/v2\/comments?post=45"}],"version-history":[{"count":18,"href":"https:\/\/agro-senegal.com\/en\/wp-json\/wp\/v2\/pages\/45\/revisions"}],"predecessor-version":[{"id":643,"href":"https:\/\/agro-senegal.com\/en\/wp-json\/wp\/v2\/pages\/45\/revisions\/643"}],"wp:attachment":[{"href":"https:\/\/agro-senegal.com\/en\/wp-json\/wp\/v2\/media?parent=45"}],"curies":[{"name":"wp","href":"https:\/\/api.w.org\/{rel}","templated":true}]}}