{"id":474,"date":"2019-11-25T18:14:07","date_gmt":"2019-11-25T18:14:07","guid":{"rendered":"https:\/\/agro-senegal.com\/?page_id=474"},"modified":"2025-06-08T15:39:10","modified_gmt":"2025-06-08T15:39:10","slug":"agro-expedition-senegal","status":"publish","type":"page","link":"https:\/\/agro-senegal.com\/nl\/","title":{"rendered":"Agro Expedition S\u00e9n\u00e9gal"},"content":{"rendered":"<div class=\"slider-wrapper relative\" id=\"slider-1736956693\" >\n    <div class=\"slider slider-nav-circle slider-nav-large slider-nav-dark slider-style-normal\"\n        data-flickity-options='{\n            \"cellAlign\": \"center\",\n            \"imagesLoaded\": true,\n            \"lazyLoad\": 1,\n            \"freeScroll\": false,\n            \"wrapAround\": true,\n            \"autoPlay\": 6000,\n            \"pauseAutoPlayOnHover\" : true,\n            \"prevNextButtons\": false,\n            \"contain\" : true,\n            \"adaptiveHeight\" : true,\n            \"dragThreshold\" : 10,\n            \"percentPosition\": true,\n            \"pageDots\": false,\n            \"rightToLeft\": false,\n            \"draggable\": true,\n            \"selectedAttraction\": 0.1,\n            \"parallax\" : 0,\n            \"friction\": 0.6        }'\n        >\n        \r\n\n  <div class=\"banner has-hover\" id=\"banner-1362827276\">\n          <div class=\"banner-inner fill\">\n        <div class=\"banner-bg fill\" >\n            <img loading=\"lazy\" decoding=\"async\" width=\"1020\" height=\"160\" src=\"https:\/\/agro-senegal.com\/wp-content\/uploads\/2019\/07\/customer-satisfaction-agro-expedition-international2-1400x219.jpg\" class=\"bg attachment-large size-large\" alt=\"\" \/>                                    \n                    <\/div>\n\t\t\n        <div class=\"banner-layers container\">\n            <div class=\"fill banner-link\"><\/div>            \r\n        <\/div>\n      <\/div>\n\n            \n<style>\n#banner-1362827276 {\n  padding-top: 300px;\n}\n<\/style>\n  <\/div>\n\n\r\n\r\n\n  <div class=\"banner has-hover\" id=\"banner-1769922371\">\n          <div class=\"banner-inner fill\">\n        <div class=\"banner-bg fill\" >\n            <img loading=\"lazy\" decoding=\"async\" width=\"1020\" height=\"160\" src=\"https:\/\/agro-senegal.com\/wp-content\/uploads\/2019\/07\/wholesale-frozen-food-agro-expedition-international-1400x219.jpg\" class=\"bg attachment-large size-large\" alt=\"\" \/>                                    \n                    <\/div>\n\t\t\n        <div class=\"banner-layers container\">\n            <div class=\"fill banner-link\"><\/div>            \r\n        <\/div>\n      <\/div>\n\n            \n<style>\n#banner-1769922371 {\n  padding-top: 300px;\n}\n<\/style>\n  <\/div>\n\n\r\n\r\n\n  <div class=\"banner has-hover\" id=\"banner-239037892\">\n          <div class=\"banner-inner fill\">\n        <div class=\"banner-bg fill\" 0>\n            <img loading=\"lazy\" decoding=\"async\" width=\"1020\" height=\"160\" src=\"https:\/\/agro-senegal.com\/wp-content\/uploads\/2019\/07\/wholesale-frozen-fish-agro-expedition-international-1400x219.jpg\" class=\"bg attachment-large size-large\" alt=\"\" \/>                                    \n                    <\/div>\n\t\t\n        <div class=\"banner-layers container\">\n            <div class=\"fill banner-link\"><\/div>            \r\n\r\n        <\/div>\n      <\/div>\n\n            \n<style>\n#banner-239037892 {\n  padding-top: 300px;\n}\n<\/style>\n  <\/div>\n\n\r\n\r\n     <\/div>\n\n     <div class=\"loading-spin dark large centered\"><\/div>\n\n\t<\/div>\n\n\n\t<div id=\"gap-1591524058\" class=\"gap-element clearfix\" style=\"display:block; height:auto;\">\n\t\t\n<style>\n#gap-1591524058 {\n  padding-top: 80px;\n}\n<\/style>\n\t<\/div>\n\t\n<div class=\"row\"  id=\"row-1059701128\">\n  \n\t<div id=\"col-1256770730\" class=\"col medium-1\/1 large-12\"  >\n\t\t\t\t<div class=\"col-inner\"  >\n\t\t\t\n\t\t\t\n<h1 style=\"text-align: center;\">Agro Expedition S\u00e9n\u00e9gal<\/h1>\n<p>    <img loading=\"lazy\" decoding=\"async\" class=\"alignnone size-full wp-image-4595\" src=\"http:\/\/agro-senegal.com\/wp-content\/uploads\/2018\/06\/test1.png\" alt=\"\" width=\"1050\" height=\"40\" \/><br \/>\n      Agro Expedition Senegal is een dochteronderneming van de Nederlandse groep Silas <a title=\"Silas Export\" href=\"http:\/\/www.silasexport.nl\/en\" target=\"_blank\" rel=\"noopener noreferrer\">Silas Export Holding B.V.<\/a> en is gelegen in Diamniadio, een buitenwijk van Dakar.<br \/>\n  \t\t<\/div>\n\t\t\t\t\t<\/div>\n\n\t\n<\/div>\n<div class=\"row\"  id=\"row-1900529369\">\n  \n\t<div id=\"col-981795951\" class=\"col medium-1\/2 large-6\"  >\n\t\t\t\t<div class=\"col-inner\"  >\n\t\t\t\n\t\t\t\n<h2>Onze primaire doelstelling<\/h2>\n<ul>\n<li>aardappelen en uien gekoeld bewaren voor een langere periode<\/li>\n<li>de producten vers kunnen aanbieden binnen de lokale markt<\/li>\n<li>een grotere winstmarge voor onze klant<\/li>\n<\/ul>\n<p>  \t\t<\/div>\n\t\t\t\t\t<\/div>\n\n\t\n  \n\t<div id=\"col-2097836304\" class=\"col medium-1\/2 large-6\"  >\n\t\t\t\t<div class=\"col-inner\"  >\n\t\t\t\n\t\t\t\n<h2>Wat we bieden<\/h2>\n<ul>\n<li>inspelen op de vraag van de Senegalese productie van aardappelen en uien<\/li>\n<li>constante verfijning van de logistieke systemen<\/li>\n<li>moderne en hoogwaardige faciliteiten van opslag en conservatie<\/li>\n<li>een gecontroleerde markt van de lokale productielijn aanbieden<\/li>\n<li>de kwaliteit hoog houden van het product<\/li>\n<li>onze klant een sterk concurrerend product laten neerzetten binnen hun markt<\/li>\n<\/ul>\n<p>  \t\t<\/div>\n\t\t\t\t\t<\/div>\n\n\t\n<\/div>\n<div class=\"row\"  id=\"row-851298443\">\n  \n\t<div id=\"col-1163223110\" class=\"col medium-1\/1 large-12\"  >\n\t\t\t\t<div class=\"col-inner\"  >\n\t\t\t\n\t\t\t\n<h2>Officieel bezoek van de minister van Landbouw en de Nederlandse ambassadeur<\/h2>\n<p>      Op 11 april 2025 bracht Zijne Excellentie Dr. Mabouba Diagne, Minister van Landbouw, Voedselsoevereiniteit en Veeteelt van de Republiek Senegal, een officieel bezoek aan de vestigingen van Agro Exp\u00e9dition S\u00e9n\u00e9gal in Diamniadio. Hij werd vergezeld door Hare Excellentie de Ambassadeur van het Koninkrijk der Nederlanden in Senegal, in het kader van de versterking van strategische partnerschappen tussen Senegal en Nederland op het gebied van landbouw en agro-logistiek. <\/p>\n<p>De autoriteiten kregen een rondleiding langs onze moderne opslag- en verpakkingsfaciliteiten en maakten kennis met onze initiatieven ter verbetering van de post-oogstbewaring van lokale landbouwproducten, met name uien en aardappelen. Dit offici\u00eble bezoek vormt een belangrijke erkenning van de rol van Agro Exp\u00e9dition S\u00e9n\u00e9gal als een sleutelfiguur in de voedselzekerheid en de ontwikkeling van agrarische waardeketens in Senegal.<br \/>\n  \t\t<\/div>\n\t\t\t\t\t<\/div>\n\n\t\n<\/div>\n<div class=\"row\"  id=\"row-82162176\">\n  \n\t<div id=\"col-1038505797\" class=\"col medium-1\/2 large-6\"  >\n\t\t\t\t<div class=\"col-inner\"  >\n\t\t\t\n\t\t\t\n    <br \/>\n    <img loading=\"lazy\" decoding=\"async\" src=\"https:\/\/agro-senegal.com\/wp-content\/uploads\/2025\/06\/agro-senegal_8.jpg\" alt=\"\" width=\"600\" height=\"559\" class=\"alignnone size-full wp-image-611\" srcset=\"https:\/\/agro-senegal.com\/wp-content\/uploads\/2025\/06\/agro-senegal_8.jpg 600w, https:\/\/agro-senegal.com\/wp-content\/uploads\/2025\/06\/agro-senegal_8-429x400.jpg 429w\" sizes=\"auto, (max-width: 600px) 100vw, 600px\" \/><br \/>\n    <br \/>\n    <img loading=\"lazy\" decoding=\"async\" src=\"https:\/\/agro-senegal.com\/wp-content\/uploads\/2025\/06\/agro-senegal_1.jpg\" alt=\"\" width=\"600\" height=\"399\" class=\"alignnone size-full wp-image-573\" \/><br \/>\n    <br \/>\n    <img loading=\"lazy\" decoding=\"async\" src=\"https:\/\/agro-senegal.com\/wp-content\/uploads\/2025\/06\/agro-senegal_2.jpg\" alt=\"\" width=\"600\" height=\"399\" class=\"alignnone size-full wp-image-576\" \/><br \/>\n    <br \/>\n    <img loading=\"lazy\" decoding=\"async\" src=\"https:\/\/agro-senegal.com\/wp-content\/uploads\/2025\/06\/agro-senegal_4.jpg\" alt=\"\" width=\"600\" height=\"399\" class=\"alignnone size-full wp-image-582\" \/><br \/>\n    <br \/>\n  \t\t<\/div>\n\t\t\t\t\t<\/div>\n\n\t\n  \n\t<div id=\"col-1024376274\" class=\"col medium-1\/2 large-6\"  >\n\t\t\t\t<div class=\"col-inner\"  >\n\t\t\t\n\t\t\t\n    <br \/>\n    <img loading=\"lazy\" decoding=\"async\" src=\"https:\/\/agro-senegal.com\/wp-content\/uploads\/2025\/06\/agro-senegal_3.jpg\" alt=\"\" width=\"600\" height=\"399\" class=\"alignnone size-full wp-image-579\" \/><br \/>\n    <br \/>\n    <img loading=\"lazy\" decoding=\"async\" src=\"https:\/\/agro-senegal.com\/wp-content\/uploads\/2025\/06\/agro-senegal_6.jpg\" alt=\"\" width=\"600\" height=\"399\" class=\"alignnone size-full wp-image-588\" \/><br \/>\n    <br \/>\n    <img loading=\"lazy\" decoding=\"async\" src=\"https:\/\/agro-senegal.com\/wp-content\/uploads\/2025\/06\/agro-senegal_7.jpg\" alt=\"\" width=\"600\" height=\"399\" class=\"alignnone size-full wp-image-591\" \/><br \/>\n    <br \/>\n    <img loading=\"lazy\" decoding=\"async\" src=\"https:\/\/agro-senegal.com\/wp-content\/uploads\/2025\/06\/agro-senegal_5.jpg\" alt=\"\" width=\"600\" height=\"559\" class=\"alignnone size-full wp-image-585\" srcset=\"https:\/\/agro-senegal.com\/wp-content\/uploads\/2025\/06\/agro-senegal_5.jpg 600w, https:\/\/agro-senegal.com\/wp-content\/uploads\/2025\/06\/agro-senegal_5-429x400.jpg 429w\" sizes=\"auto, (max-width: 600px) 100vw, 600px\" \/><br \/>\n    <br \/>\n  \t\t<\/div>\n\t\t\t\t\t<\/div>\n\n\t\n<\/div>\n<div class=\"row\"  id=\"row-659976790\">\n<div class=\"container section-title-container\" ><h3 class=\"section-title section-title-center\"><b><\/b><span class=\"section-title-main\" >Elke klant is Uniek. Onze oplossingen ook.<\/span><b><\/b><\/h3><\/div>\n\n\t<div id=\"col-988274944\" class=\"col medium-1\/4 large-3\"  >\n\t\t\t\t<div class=\"col-inner\"  >\n\t\t\t\n\t\t\t\n\n\t\t<div class=\"icon-box featured-box icon-box-center text-center\"  >\n\t\t\t\t<div class=\"icon-box-text last-reset\">\n\t\t\t<h5 class=\"uppercase\">Kwaliteitsgarantie<\/h5>\t\t\t\t\t\t\nAgro Expedition Senegal vindt het bieden van kwaliteitsgarantie aan hun klanten zeer belangrijk. Wij zitten daarom boven op ons product van oogst, tot inspectie, tot de levering aan de klant in hun eigen lokale markt. Alleen op deze manier kunnen wij de uitstekende kwaliteit bieden die onze klant van ons gewend is.\u00a0\t\t<\/div>\n\t<\/div>\n\t\n\t\n\t\t<\/div>\n\t\t\t\t\t<\/div>\n\n\t\n\n\t<div id=\"col-1965123540\" class=\"col medium-1\/4 large-3\"  >\n\t\t\t\t<div class=\"col-inner\"  >\n\t\t\t\n\t\t\t\n\n\t\t<div class=\"icon-box featured-box icon-box-center text-center\"  >\n\t\t\t\t<div class=\"icon-box-text last-reset\">\n\t\t\t<h5 class=\"uppercase\">Betaalbare prijzen<\/h5>\t\t\t\t\t\t\nWij bieden aantrekkelijke prijzen voor onze producten en diensten zodat elke ondernemer en importeur gebruik kan maken van onze koelcellen.\u00a0Voor onze prijzen, onze contractmodellen en de algemene voorwaarden neemt u contact op met onze klantenservice.<br \/>\n\t\t<\/div>\n\t<\/div>\n\t\n\t\n\t\t<\/div>\n\t\t\t\t\t<\/div>\n\n\t\n\n\t<div id=\"col-1829830019\" class=\"col medium-1\/4 large-3\"  >\n\t\t\t\t<div class=\"col-inner\"  >\n\t\t\t\n\t\t\t\n\n\t\t<div class=\"icon-box featured-box icon-box-center text-center\"  >\n\t\t\t\t<div class=\"icon-box-text last-reset\">\n\t\t\t<h5 class=\"uppercase\">Openingstijden<\/h5>\t\t\t\t\t\t\nWij zijn geopend van maandag t\/m zaterdag van 08.30 uur tot 17.30 uur.<br \/>\n\t\t<\/div>\n\t<\/div>\n\t\n\t\n\t\t<\/div>\n\t\t\t\t\t<\/div>\n\n\t\n\n\t<div id=\"col-225582896\" class=\"col medium-1\/4 large-3\"  >\n\t\t\t\t<div class=\"col-inner\"  >\n\t\t\t\n\t\t\t\n\n\t\t<div class=\"icon-box featured-box icon-box-center text-center\"  >\n\t\t\t\t<div class=\"icon-box-text last-reset\">\n\t\t\t<h5 class=\"uppercase\">Transport<\/h5>\t\t\t\t\t\t\nWij kunnen het transport regelen voor al uw producten. Van het ophalen uit de velden tot aan het leveren bij uw klanten.<br \/>\n\t\t<\/div>\n\t<\/div>\n\t\n\t\n\t\t<\/div>\n\t\t\t\t\t<\/div>\n\n\t\n<\/div>\n<div class=\"row\"  id=\"row-1310653716\">\n<div class=\"message-box relative dark\" style=\"padding-top:15px;padding-bottom:15px;\"><div class=\"message-box-bg-image bg-fill fill\" style=\"background-image:url(https:\/\/agro-senegal.com\/wp-content\/uploads\/2019\/07\/86c4b5-200x200px.jpg);\"><\/div><div class=\"message-box-bg-overlay bg-fill fill\" ><\/div><div class=\"container relative\"><div class=\"inner last-reset\">\n<span style=\"color: #ffffff;\">Het hoofdkantoor van Agro Expedition Senegal bevindt zich in Zaandam, Nederland, en heeft ook verschillende inkoopkantoren in verschillende delen van de wereld: Europa, Azi\u00eb, Latijns-Amerika en Afrika.<\/span><br \/>\n<\/div><\/div><\/div>\n<\/div>\n\t<div id=\"gap-121460279\" class=\"gap-element clearfix\" style=\"display:block; height:auto;\">\n\t\t\n<style>\n#gap-121460279 {\n  padding-top: 30px;\n}\n<\/style>\n\t<\/div>\n\t\n","protected":false},"excerpt":{"rendered":"","protected":false},"author":1,"featured_media":0,"parent":0,"menu_order":1,"comment_status":"closed","ping_status":"closed","template":"page-blank.php","meta":{"footnotes":""},"class_list":["post-474","page","type-page","status-publish","hentry"],"yoast_head":"<!-- This site is optimized with the Yoast SEO plugin v25.2 - https:\/\/yoast.com\/wordpress\/plugins\/seo\/ -->\n<title>Agro Expedition S\u00e9n\u00e9gal - Agro Expedition S\u00e9n\u00e9gal<\/title>\n<meta name=\"robots\" content=\"index, follow, max-snippet:-1, max-image-preview:large, max-video-preview:-1\" \/>\n<link rel=\"canonical\" href=\"https:\/\/agro-senegal.com\/nl\/\" \/>\n<meta property=\"og:locale\" content=\"nl_NL\" \/>\n<meta property=\"og:type\" content=\"article\" \/>\n<meta property=\"og:title\" content=\"Agro Expedition S\u00e9n\u00e9gal - Agro Expedition S\u00e9n\u00e9gal\" \/>\n<meta property=\"og:url\" content=\"https:\/\/agro-senegal.com\/nl\/\" \/>\n<meta property=\"og:site_name\" content=\"Agro Expedition S\u00e9n\u00e9gal\" \/>\n<meta property=\"article:modified_time\" content=\"2025-06-08T15:39:10+00:00\" \/>\n<meta property=\"og:image\" content=\"http:\/\/agro-senegal.com\/wp-content\/uploads\/2018\/06\/test1.png\" \/>\n<meta name=\"twitter:card\" content=\"summary_large_image\" \/>\n<meta name=\"twitter:label1\" content=\"Geschatte leestijd\" \/>\n\t<meta name=\"twitter:data1\" content=\"5 minuten\" \/>\n<script type=\"application\/ld+json\" class=\"yoast-schema-graph\">{\"@context\":\"https:\/\/schema.org\",\"@graph\":[{\"@type\":\"WebPage\",\"@id\":\"https:\/\/agro-senegal.com\/nl\/\",\"url\":\"https:\/\/agro-senegal.com\/nl\/\",\"name\":\"Agro Expedition S\u00e9n\u00e9gal - Agro Expedition S\u00e9n\u00e9gal\",\"isPartOf\":{\"@id\":\"https:\/\/agro-senegal.com\/#website\"},\"primaryImageOfPage\":{\"@id\":\"https:\/\/agro-senegal.com\/nl\/#primaryimage\"},\"image\":{\"@id\":\"https:\/\/agro-senegal.com\/nl\/#primaryimage\"},\"thumbnailUrl\":\"http:\/\/agro-senegal.com\/wp-content\/uploads\/2018\/06\/test1.png\",\"datePublished\":\"2019-11-25T18:14:07+00:00\",\"dateModified\":\"2025-06-08T15:39:10+00:00\",\"breadcrumb\":{\"@id\":\"https:\/\/agro-senegal.com\/nl\/#breadcrumb\"},\"inLanguage\":\"nl-NL\",\"potentialAction\":[{\"@type\":\"ReadAction\",\"target\":[\"https:\/\/agro-senegal.com\/nl\/\"]}]},{\"@type\":\"ImageObject\",\"inLanguage\":\"nl-NL\",\"@id\":\"https:\/\/agro-senegal.com\/nl\/#primaryimage\",\"url\":\"http:\/\/agro-senegal.com\/wp-content\/uploads\/2018\/06\/test1.png\",\"contentUrl\":\"http:\/\/agro-senegal.com\/wp-content\/uploads\/2018\/06\/test1.png\"},{\"@type\":\"BreadcrumbList\",\"@id\":\"https:\/\/agro-senegal.com\/nl\/#breadcrumb\",\"itemListElement\":[{\"@type\":\"ListItem\",\"position\":1,\"name\":\"Home\",\"item\":\"https:\/\/agro-senegal.com\/nl\/\"},{\"@type\":\"ListItem\",\"position\":2,\"name\":\"Agro Expedition S\u00e9n\u00e9gal\"}]},{\"@type\":\"WebSite\",\"@id\":\"https:\/\/agro-senegal.com\/#website\",\"url\":\"https:\/\/agro-senegal.com\/\",\"name\":\"Agro Expedition S\u00e9n\u00e9gal\",\"description\":\"\",\"potentialAction\":[{\"@type\":\"SearchAction\",\"target\":{\"@type\":\"EntryPoint\",\"urlTemplate\":\"https:\/\/agro-senegal.com\/?s={search_term_string}\"},\"query-input\":{\"@type\":\"PropertyValueSpecification\",\"valueRequired\":true,\"valueName\":\"search_term_string\"}}],\"inLanguage\":\"nl-NL\"}]}<\/script>\n<!-- \/ Yoast SEO plugin. -->","yoast_head_json":{"title":"Agro Expedition S\u00e9n\u00e9gal - Agro Expedition S\u00e9n\u00e9gal","robots":{"index":"index","follow":"follow","max-snippet":"max-snippet:-1","max-image-preview":"max-image-preview:large","max-video-preview":"max-video-preview:-1"},"canonical":"https:\/\/agro-senegal.com\/nl\/","og_locale":"nl_NL","og_type":"article","og_title":"Agro Expedition S\u00e9n\u00e9gal - Agro Expedition S\u00e9n\u00e9gal","og_url":"https:\/\/agro-senegal.com\/nl\/","og_site_name":"Agro Expedition S\u00e9n\u00e9gal","article_modified_time":"2025-06-08T15:39:10+00:00","og_image":[{"url":"http:\/\/agro-senegal.com\/wp-content\/uploads\/2018\/06\/test1.png","type":"","width":"","height":""}],"twitter_card":"summary_large_image","twitter_misc":{"Geschatte leestijd":"5 minuten"},"schema":{"@context":"https:\/\/schema.org","@graph":[{"@type":"WebPage","@id":"https:\/\/agro-senegal.com\/nl\/","url":"https:\/\/agro-senegal.com\/nl\/","name":"Agro Expedition S\u00e9n\u00e9gal - Agro Expedition S\u00e9n\u00e9gal","isPartOf":{"@id":"https:\/\/agro-senegal.com\/#website"},"primaryImageOfPage":{"@id":"https:\/\/agro-senegal.com\/nl\/#primaryimage"},"image":{"@id":"https:\/\/agro-senegal.com\/nl\/#primaryimage"},"thumbnailUrl":"http:\/\/agro-senegal.com\/wp-content\/uploads\/2018\/06\/test1.png","datePublished":"2019-11-25T18:14:07+00:00","dateModified":"2025-06-08T15:39:10+00:00","breadcrumb":{"@id":"https:\/\/agro-senegal.com\/nl\/#breadcrumb"},"inLanguage":"nl-NL","potentialAction":[{"@type":"ReadAction","target":["https:\/\/agro-senegal.com\/nl\/"]}]},{"@type":"ImageObject","inLanguage":"nl-NL","@id":"https:\/\/agro-senegal.com\/nl\/#primaryimage","url":"http:\/\/agro-senegal.com\/wp-content\/uploads\/2018\/06\/test1.png","contentUrl":"http:\/\/agro-senegal.com\/wp-content\/uploads\/2018\/06\/test1.png"},{"@type":"BreadcrumbList","@id":"https:\/\/agro-senegal.com\/nl\/#breadcrumb","itemListElement":[{"@type":"ListItem","position":1,"name":"Home","item":"https:\/\/agro-senegal.com\/nl\/"},{"@type":"ListItem","position":2,"name":"Agro Expedition S\u00e9n\u00e9gal"}]},{"@type":"WebSite","@id":"https:\/\/agro-senegal.com\/#website","url":"https:\/\/agro-senegal.com\/","name":"Agro Expedition S\u00e9n\u00e9gal","description":"","potentialAction":[{"@type":"SearchAction","target":{"@type":"EntryPoint","urlTemplate":"https:\/\/agro-senegal.com\/?s={search_term_string}"},"query-input":{"@type":"PropertyValueSpecification","valueRequired":true,"valueName":"search_term_string"}}],"inLanguage":"nl-NL"}]}},"_links":{"self":[{"href":"https:\/\/agro-senegal.com\/nl\/wp-json\/wp\/v2\/pages\/474","targetHints":{"allow":["GET"]}}],"collection":[{"href":"https:\/\/agro-senegal.com\/nl\/wp-json\/wp\/v2\/pages"}],"about":[{"href":"https:\/\/agro-senegal.com\/nl\/wp-json\/wp\/v2\/types\/page"}],"author":[{"embeddable":true,"href":"https:\/\/agro-senegal.com\/nl\/wp-json\/wp\/v2\/users\/1"}],"replies":[{"embeddable":true,"href":"https:\/\/agro-senegal.com\/nl\/wp-json\/wp\/v2\/comments?post=474"}],"version-history":[{"count":11,"href":"https:\/\/agro-senegal.com\/nl\/wp-json\/wp\/v2\/pages\/474\/revisions"}],"predecessor-version":[{"id":645,"href":"https:\/\/agro-senegal.com\/nl\/wp-json\/wp\/v2\/pages\/474\/revisions\/645"}],"wp:attachment":[{"href":"https:\/\/agro-senegal.com\/nl\/wp-json\/wp\/v2\/media?parent=474"}],"curies":[{"name":"wp","href":"https:\/\/api.w.org\/{rel}","templated":true}]}}