{"id":501,"date":"2019-11-25T18:53:19","date_gmt":"2019-11-25T18:53:19","guid":{"rendered":"https:\/\/agro-senegal.com\/?page_id=501"},"modified":"2019-11-25T18:56:39","modified_gmt":"2019-11-25T18:56:39","slug":"logistiek","status":"publish","type":"page","link":"https:\/\/agro-senegal.com\/nl\/logistiek\/","title":{"rendered":"Logistiek"},"content":{"rendered":"<div class=\"slider-wrapper relative\" id=\"slider-1971855662\" >\n    <div class=\"slider slider-nav-circle slider-nav-large slider-nav-dark slider-style-normal\"\n        data-flickity-options='{\n            \"cellAlign\": \"center\",\n            \"imagesLoaded\": true,\n            \"lazyLoad\": 1,\n            \"freeScroll\": false,\n            \"wrapAround\": true,\n            \"autoPlay\": 6000,\n            \"pauseAutoPlayOnHover\" : true,\n            \"prevNextButtons\": false,\n            \"contain\" : true,\n            \"adaptiveHeight\" : true,\n            \"dragThreshold\" : 10,\n            \"percentPosition\": true,\n            \"pageDots\": false,\n            \"rightToLeft\": false,\n            \"draggable\": true,\n            \"selectedAttraction\": 0.1,\n            \"parallax\" : 0,\n            \"friction\": 0.6        }'\n        >\n        \r\n\n  <div class=\"banner has-hover\" id=\"banner-966912248\">\n          <div class=\"banner-inner fill\">\n        <div class=\"banner-bg fill\" >\n            <img loading=\"lazy\" decoding=\"async\" width=\"1020\" height=\"160\" src=\"https:\/\/agro-senegal.com\/wp-content\/uploads\/2019\/07\/customer-satisfaction-agro-expedition-international2-1400x219.jpg\" class=\"bg attachment-large size-large\" alt=\"\" \/>                                    \n                    <\/div>\n\t\t\n        <div class=\"banner-layers container\">\n            <div class=\"fill banner-link\"><\/div>            \r\n        <\/div>\n      <\/div>\n\n            \n<style>\n#banner-966912248 {\n  padding-top: 300px;\n}\n<\/style>\n  <\/div>\n\n\r\n\r\n\n  <div class=\"banner has-hover\" id=\"banner-1040802933\">\n          <div class=\"banner-inner fill\">\n        <div class=\"banner-bg fill\" >\n            <img loading=\"lazy\" decoding=\"async\" width=\"1020\" height=\"160\" src=\"https:\/\/agro-senegal.com\/wp-content\/uploads\/2019\/07\/wholesale-frozen-food-agro-expedition-international-1400x219.jpg\" class=\"bg attachment-large size-large\" alt=\"\" \/>                                    \n                    <\/div>\n\t\t\n        <div class=\"banner-layers container\">\n            <div class=\"fill banner-link\"><\/div>            \r\n        <\/div>\n      <\/div>\n\n            \n<style>\n#banner-1040802933 {\n  padding-top: 300px;\n}\n<\/style>\n  <\/div>\n\n\r\n\r\n\n  <div class=\"banner has-hover\" id=\"banner-872364057\">\n          <div class=\"banner-inner fill\">\n        <div class=\"banner-bg fill\" 0>\n            <img loading=\"lazy\" decoding=\"async\" width=\"1020\" height=\"160\" src=\"https:\/\/agro-senegal.com\/wp-content\/uploads\/2019\/07\/wholesale-frozen-fish-agro-expedition-international-1400x219.jpg\" class=\"bg attachment-large size-large\" alt=\"\" \/>                                    \n                    <\/div>\n\t\t\n        <div class=\"banner-layers container\">\n            <div class=\"fill banner-link\"><\/div>            \r\n\r\n        <\/div>\n      <\/div>\n\n            \n<style>\n#banner-872364057 {\n  padding-top: 300px;\n}\n<\/style>\n  <\/div>\n\n\r\n\r\n     <\/div>\n\n     <div class=\"loading-spin dark large centered\"><\/div>\n\n\t<\/div>\n\n\n\t<div id=\"gap-1515052924\" class=\"gap-element clearfix\" style=\"display:block; height:auto;\">\n\t\t\n<style>\n#gap-1515052924 {\n  padding-top: 80px;\n}\n<\/style>\n\t<\/div>\n\t\n<div class=\"row\"  id=\"row-1137204510\">\n\n\t<div id=\"col-646586054\" class=\"col medium-1\/1 large-12\"  >\n\t\t\t\t<div class=\"col-inner\"  >\n\t\t\t\n\t\t\t\n<h1>Technologie<\/h1>\n<ul>\n<li>zeer moderne en innovatieve technologie\u00a0zowel in de koelcellen als daarbuiten<\/li>\n<li>speciaal behandelde houten kisten die aangepast zijn aan de wens van de klant voor zijn product<\/li>\n<li>aannemen en aflevering van de producten met de juiste apparatuur en machines<\/li>\n<\/ul>\n\t\t<\/div>\n\t\t\t\t\t<\/div>\n\n\t\n<\/div>\n<div class=\"row\"  id=\"row-1310838385\">\n\n\t<div id=\"col-1785020596\" class=\"col medium-1\/2 large-6\"  >\n\t\t\t\t<div class=\"col-inner\"  >\n\t\t\t\n\t\t\t\n<img loading=\"lazy\" decoding=\"async\" class=\"alignnone size-full wp-image-4645\" src=\"https:\/\/agro-senegal.com\/wp-content\/uploads\/2019\/07\/technologie-agro-senegal-1.jpg\" alt=\"technologie-agro-senegal-1\" width=\"1000\" height=\"667\" \/><br \/>\n\t\t<\/div>\n\t\t\t\t\t<\/div>\n\n\t\n\n\t<div id=\"col-510389580\" class=\"col medium-1\/2 large-6\"  >\n\t\t\t\t<div class=\"col-inner\"  >\n\t\t\t\n\t\t\t\n<img loading=\"lazy\" decoding=\"async\" class=\"alignnone size-full wp-image-4646\" src=\"https:\/\/agro-senegal.com\/wp-content\/uploads\/2019\/07\/technologie-agro-senegal-2.jpg\" alt=\"technologie-agro-senegal-2\" width=\"1000\" height=\"667\" \/><br \/>\n\t\t<\/div>\n\t\t\t\t\t<\/div>\n\n\t\n<\/div>\n<div class=\"row\"  id=\"row-1911074260\">\n\n\t<div id=\"col-1816460618\" class=\"col medium-1\/2 large-6\"  >\n\t\t\t\t<div class=\"col-inner\"  >\n\t\t\t\n\t\t\t\n<img loading=\"lazy\" decoding=\"async\" class=\"alignnone size-full wp-image-4647\" src=\"https:\/\/agro-senegal.com\/wp-content\/uploads\/2019\/07\/technologie-agro-senegal-3.jpg\" alt=\"\" width=\"1000\" height=\"667\" \/><br \/>\n\t\t<\/div>\n\t\t\t\t\t<\/div>\n\n\t\n\n\t<div id=\"col-2075192552\" class=\"col medium-1\/2 large-6\"  >\n\t\t\t\t<div class=\"col-inner\"  >\n\t\t\t\n\t\t\t\n<img loading=\"lazy\" decoding=\"async\" class=\"alignnone size-full wp-image-4648\" src=\"https:\/\/agro-senegal.com\/wp-content\/uploads\/2019\/07\/technologie-agro-senegal-4.jpg\" alt=\"technologie-agro-senegal-4\" width=\"1000\" height=\"667\" \/><br \/>\n\t\t<\/div>\n\t\t\t\t\t<\/div>\n\n\t\n<\/div>\n<div class=\"row\"  id=\"row-1515717433\">\n\n\t<div id=\"col-1960366866\" class=\"col medium-1\/1 large-12\"  >\n\t\t\t\t<div class=\"col-inner\"  >\n\t\t\t\n\t\t\t\n<h1>Infrastructuur<\/h1>\n<ul>\n<li>een perceel ter grote van 1.5 hectare grond<\/li>\n<li>moderne en goed uitgeruste kantoren voor dynamische en gemotiveerde werknemers<\/li>\n<li>meerdere koelcellen met hoge daken waar uien en aardappelen apart en afzonderlijk van elkaar worden opgeslagen. Dit om de hoge kwaliteit van onze producten te bewaken<\/li>\n<li>opladen en afladen bij dokken<\/li>\n<li>verkooppunten aan de klant bieden wanneer deze hun containers met wortels en knoflook niet in de koelcellen kunnen bewaren omdat de koelcellen al vol zijn met aardappelen en uien<\/li>\n<\/ul>\n\t\t<\/div>\n\t\t\t\t\t<\/div>\n\n\t\n<\/div>\n<div class=\"row\"  id=\"row-947915240\">\n\n\t<div id=\"col-1642344986\" class=\"col medium-1\/3 large-4\"  >\n\t\t\t\t<div class=\"col-inner\"  >\n\t\t\t\n\t\t\t<img decoding=\"async\" class=\"alignnone\" src=\"https:\/\/agro-senegal.com\/wp-content\/uploads\/2019\/07\/Propri\u00e9t\u00e9s-agro-expedition-senegal.jpg\" alt=\"Propri\u00e9t\u00e9s-agro-expedition-senegal\" width=\"300\" \/>\t\t<\/div>\n\t\t\t\t\t<\/div>\n\n\t\n\n\t<div id=\"col-1117790116\" class=\"col medium-1\/3 large-4\"  >\n\t\t\t\t<div class=\"col-inner\"  >\n\t\t\t\n\t\t\t<img decoding=\"async\" class=\"alignnone\" src=\"https:\/\/agro-senegal.com\/wp-content\/uploads\/2019\/07\/Service-Client\u00e8le-Agro-Exp\u00e9dition-S\u00e9n\u00e9gal-1.jpg\" alt=\"\" width=\"300\" \/>\t\t<\/div>\n\t\t\t\t\t<\/div>\n\n\t\n\n\t<div id=\"col-489642514\" class=\"col medium-1\/3 large-4\"  >\n\t\t\t\t<div class=\"col-inner\"  >\n\t\t\t\n\t\t\t<img decoding=\"async\" class=\"alignnone\" src=\"https:\/\/agro-senegal.com\/wp-content\/uploads\/2019\/07\/Propri\u00e9t\u00e9s.jpg\" alt=\"\" width=\"300\" \/>\t\t<\/div>\n\t\t\t\t\t<\/div>\n\n\t\n<\/div>\n\t<div id=\"gap-2051950542\" class=\"gap-element clearfix\" style=\"display:block; height:auto;\">\n\t\t\n<style>\n#gap-2051950542 {\n  padding-top: 140px;\n}\n<\/style>\n\t<\/div>\n\t\n","protected":false},"excerpt":{"rendered":"","protected":false},"author":1,"featured_media":0,"parent":0,"menu_order":0,"comment_status":"closed","ping_status":"closed","template":"page-blank.php","meta":{"footnotes":""},"class_list":["post-501","page","type-page","status-publish","hentry"],"yoast_head":"<!-- This site is optimized with the Yoast SEO plugin v25.2 - https:\/\/yoast.com\/wordpress\/plugins\/seo\/ -->\n<title>Logistiek - Agro Expedition S\u00e9n\u00e9gal<\/title>\n<meta name=\"description\" content=\"Logistiek door Agro Expedition Senegal\" \/>\n<meta name=\"robots\" content=\"index, follow, max-snippet:-1, max-image-preview:large, max-video-preview:-1\" \/>\n<link rel=\"canonical\" href=\"https:\/\/agro-senegal.com\/nl\/logistiek\/\" \/>\n<meta property=\"og:locale\" content=\"nl_NL\" \/>\n<meta property=\"og:type\" content=\"article\" \/>\n<meta property=\"og:title\" content=\"Logistiek - Agro Expedition S\u00e9n\u00e9gal\" \/>\n<meta property=\"og:description\" content=\"Logistiek door Agro Expedition Senegal\" \/>\n<meta property=\"og:url\" content=\"https:\/\/agro-senegal.com\/nl\/logistiek\/\" \/>\n<meta property=\"og:site_name\" content=\"Agro Expedition S\u00e9n\u00e9gal\" \/>\n<meta property=\"article:modified_time\" content=\"2019-11-25T18:56:39+00:00\" \/>\n<meta property=\"og:image\" content=\"https:\/\/agro-senegal.com\/wp-content\/uploads\/2019\/07\/technologie-agro-senegal-1.jpg\" \/>\n<meta name=\"twitter:card\" content=\"summary_large_image\" \/>\n<meta name=\"twitter:label1\" content=\"Geschatte leestijd\" \/>\n\t<meta name=\"twitter:data1\" content=\"1 minuut\" \/>\n<script type=\"application\/ld+json\" class=\"yoast-schema-graph\">{\"@context\":\"https:\/\/schema.org\",\"@graph\":[{\"@type\":\"WebPage\",\"@id\":\"https:\/\/agro-senegal.com\/nl\/logistiek\/\",\"url\":\"https:\/\/agro-senegal.com\/nl\/logistiek\/\",\"name\":\"Logistiek - Agro Expedition S\u00e9n\u00e9gal\",\"isPartOf\":{\"@id\":\"https:\/\/agro-senegal.com\/#website\"},\"primaryImageOfPage\":{\"@id\":\"https:\/\/agro-senegal.com\/nl\/logistiek\/#primaryimage\"},\"image\":{\"@id\":\"https:\/\/agro-senegal.com\/nl\/logistiek\/#primaryimage\"},\"thumbnailUrl\":\"https:\/\/agro-senegal.com\/wp-content\/uploads\/2019\/07\/technologie-agro-senegal-1.jpg\",\"datePublished\":\"2019-11-25T18:53:19+00:00\",\"dateModified\":\"2019-11-25T18:56:39+00:00\",\"description\":\"Logistiek door Agro Expedition Senegal\",\"breadcrumb\":{\"@id\":\"https:\/\/agro-senegal.com\/nl\/logistiek\/#breadcrumb\"},\"inLanguage\":\"nl-NL\",\"potentialAction\":[{\"@type\":\"ReadAction\",\"target\":[\"https:\/\/agro-senegal.com\/nl\/logistiek\/\"]}]},{\"@type\":\"ImageObject\",\"inLanguage\":\"nl-NL\",\"@id\":\"https:\/\/agro-senegal.com\/nl\/logistiek\/#primaryimage\",\"url\":\"https:\/\/agro-senegal.com\/wp-content\/uploads\/2019\/07\/technologie-agro-senegal-1.jpg\",\"contentUrl\":\"https:\/\/agro-senegal.com\/wp-content\/uploads\/2019\/07\/technologie-agro-senegal-1.jpg\"},{\"@type\":\"BreadcrumbList\",\"@id\":\"https:\/\/agro-senegal.com\/nl\/logistiek\/#breadcrumb\",\"itemListElement\":[{\"@type\":\"ListItem\",\"position\":1,\"name\":\"Home\",\"item\":\"https:\/\/agro-senegal.com\/nl\/\"},{\"@type\":\"ListItem\",\"position\":2,\"name\":\"Logistiek\"}]},{\"@type\":\"WebSite\",\"@id\":\"https:\/\/agro-senegal.com\/#website\",\"url\":\"https:\/\/agro-senegal.com\/\",\"name\":\"Agro Expedition S\u00e9n\u00e9gal\",\"description\":\"\",\"potentialAction\":[{\"@type\":\"SearchAction\",\"target\":{\"@type\":\"EntryPoint\",\"urlTemplate\":\"https:\/\/agro-senegal.com\/?s={search_term_string}\"},\"query-input\":{\"@type\":\"PropertyValueSpecification\",\"valueRequired\":true,\"valueName\":\"search_term_string\"}}],\"inLanguage\":\"nl-NL\"}]}<\/script>\n<!-- \/ Yoast SEO plugin. -->","yoast_head_json":{"title":"Logistiek - Agro Expedition S\u00e9n\u00e9gal","description":"Logistiek door Agro Expedition Senegal","robots":{"index":"index","follow":"follow","max-snippet":"max-snippet:-1","max-image-preview":"max-image-preview:large","max-video-preview":"max-video-preview:-1"},"canonical":"https:\/\/agro-senegal.com\/nl\/logistiek\/","og_locale":"nl_NL","og_type":"article","og_title":"Logistiek - Agro Expedition S\u00e9n\u00e9gal","og_description":"Logistiek door Agro Expedition Senegal","og_url":"https:\/\/agro-senegal.com\/nl\/logistiek\/","og_site_name":"Agro Expedition S\u00e9n\u00e9gal","article_modified_time":"2019-11-25T18:56:39+00:00","og_image":[{"url":"https:\/\/agro-senegal.com\/wp-content\/uploads\/2019\/07\/technologie-agro-senegal-1.jpg","type":"","width":"","height":""}],"twitter_card":"summary_large_image","twitter_misc":{"Geschatte leestijd":"1 minuut"},"schema":{"@context":"https:\/\/schema.org","@graph":[{"@type":"WebPage","@id":"https:\/\/agro-senegal.com\/nl\/logistiek\/","url":"https:\/\/agro-senegal.com\/nl\/logistiek\/","name":"Logistiek - Agro Expedition S\u00e9n\u00e9gal","isPartOf":{"@id":"https:\/\/agro-senegal.com\/#website"},"primaryImageOfPage":{"@id":"https:\/\/agro-senegal.com\/nl\/logistiek\/#primaryimage"},"image":{"@id":"https:\/\/agro-senegal.com\/nl\/logistiek\/#primaryimage"},"thumbnailUrl":"https:\/\/agro-senegal.com\/wp-content\/uploads\/2019\/07\/technologie-agro-senegal-1.jpg","datePublished":"2019-11-25T18:53:19+00:00","dateModified":"2019-11-25T18:56:39+00:00","description":"Logistiek door Agro Expedition Senegal","breadcrumb":{"@id":"https:\/\/agro-senegal.com\/nl\/logistiek\/#breadcrumb"},"inLanguage":"nl-NL","potentialAction":[{"@type":"ReadAction","target":["https:\/\/agro-senegal.com\/nl\/logistiek\/"]}]},{"@type":"ImageObject","inLanguage":"nl-NL","@id":"https:\/\/agro-senegal.com\/nl\/logistiek\/#primaryimage","url":"https:\/\/agro-senegal.com\/wp-content\/uploads\/2019\/07\/technologie-agro-senegal-1.jpg","contentUrl":"https:\/\/agro-senegal.com\/wp-content\/uploads\/2019\/07\/technologie-agro-senegal-1.jpg"},{"@type":"BreadcrumbList","@id":"https:\/\/agro-senegal.com\/nl\/logistiek\/#breadcrumb","itemListElement":[{"@type":"ListItem","position":1,"name":"Home","item":"https:\/\/agro-senegal.com\/nl\/"},{"@type":"ListItem","position":2,"name":"Logistiek"}]},{"@type":"WebSite","@id":"https:\/\/agro-senegal.com\/#website","url":"https:\/\/agro-senegal.com\/","name":"Agro Expedition S\u00e9n\u00e9gal","description":"","potentialAction":[{"@type":"SearchAction","target":{"@type":"EntryPoint","urlTemplate":"https:\/\/agro-senegal.com\/?s={search_term_string}"},"query-input":{"@type":"PropertyValueSpecification","valueRequired":true,"valueName":"search_term_string"}}],"inLanguage":"nl-NL"}]}},"_links":{"self":[{"href":"https:\/\/agro-senegal.com\/nl\/wp-json\/wp\/v2\/pages\/501","targetHints":{"allow":["GET"]}}],"collection":[{"href":"https:\/\/agro-senegal.com\/nl\/wp-json\/wp\/v2\/pages"}],"about":[{"href":"https:\/\/agro-senegal.com\/nl\/wp-json\/wp\/v2\/types\/page"}],"author":[{"embeddable":true,"href":"https:\/\/agro-senegal.com\/nl\/wp-json\/wp\/v2\/users\/1"}],"replies":[{"embeddable":true,"href":"https:\/\/agro-senegal.com\/nl\/wp-json\/wp\/v2\/comments?post=501"}],"version-history":[{"count":1,"href":"https:\/\/agro-senegal.com\/nl\/wp-json\/wp\/v2\/pages\/501\/revisions"}],"predecessor-version":[{"id":503,"href":"https:\/\/agro-senegal.com\/nl\/wp-json\/wp\/v2\/pages\/501\/revisions\/503"}],"wp:attachment":[{"href":"https:\/\/agro-senegal.com\/nl\/wp-json\/wp\/v2\/media?parent=501"}],"curies":[{"name":"wp","href":"https:\/\/api.w.org\/{rel}","templated":true}]}}