{"id":508,"date":"2019-11-25T19:02:29","date_gmt":"2019-11-25T19:02:29","guid":{"rendered":"https:\/\/agro-senegal.com\/?page_id=508"},"modified":"2021-10-01T09:18:02","modified_gmt":"2021-10-01T09:18:02","slug":"contact","status":"publish","type":"page","link":"https:\/\/agro-senegal.com\/nl\/contact\/","title":{"rendered":"Contact"},"content":{"rendered":"<div class=\"slider-wrapper relative\" id=\"slider-54281731\" >\n    <div class=\"slider slider-nav-circle slider-nav-large slider-nav-dark slider-style-normal\"\n        data-flickity-options='{\n            \"cellAlign\": \"center\",\n            \"imagesLoaded\": true,\n            \"lazyLoad\": 1,\n            \"freeScroll\": false,\n            \"wrapAround\": true,\n            \"autoPlay\": 6000,\n            \"pauseAutoPlayOnHover\" : true,\n            \"prevNextButtons\": false,\n            \"contain\" : true,\n            \"adaptiveHeight\" : true,\n            \"dragThreshold\" : 10,\n            \"percentPosition\": true,\n            \"pageDots\": false,\n            \"rightToLeft\": false,\n            \"draggable\": true,\n            \"selectedAttraction\": 0.1,\n            \"parallax\" : 0,\n            \"friction\": 0.6        }'\n        >\n        \r\n\n  <div class=\"banner has-hover\" id=\"banner-1309585329\">\n          <div class=\"banner-inner fill\">\n        <div class=\"banner-bg fill\" 0>\n            <img loading=\"lazy\" decoding=\"async\" width=\"1020\" height=\"160\" src=\"https:\/\/agro-senegal.com\/wp-content\/uploads\/2019\/07\/contact-wholesale-food-products-agro-expedition-international1-1400x219.jpg\" class=\"bg attachment-large size-large\" alt=\"\" \/>                                    \n                    <\/div>\n\t\t\n        <div class=\"banner-layers container\">\n            <div class=\"fill banner-link\"><\/div>            \r\n\r\n        <\/div>\n      <\/div>\n\n            \n<style>\n#banner-1309585329 {\n  padding-top: 300px;\n}\n<\/style>\n  <\/div>\n\n\r\n\r\n     <\/div>\n\n     <div class=\"loading-spin dark large centered\"><\/div>\n\n\t<\/div>\n\n\n<p>&nbsp;<\/p>\n<div class=\"row\"  id=\"row-683923499\">\n\n\t<div id=\"col-363666404\" class=\"col medium-1\/2 large-6\"  >\n\t\t\t\t<div class=\"col-inner\"  >\n\t\t\t\n\t\t\t\n<h1>Contact<\/h1>\n<hr \/>\n\t<div id=\"gap-761087221\" class=\"gap-element clearfix\" style=\"display:block; height:auto;\">\n\t\t\n<style>\n#gap-761087221 {\n  padding-top: 3px;\n}\n<\/style>\n\t<\/div>\n\t\n\n\t<section class=\"section dark\" id=\"section_1867650879\">\n\t\t<div class=\"section-bg fill\" 0>\n\t\t\t\t\t\t\t\t\t\n\t\t\t\n\n\t\t<\/div>\n\n\t\t\n\n\t\t<div class=\"section-content relative\">\n\t\t\t\n\t<div id=\"gap-2088895568\" class=\"gap-element clearfix\" style=\"display:block; height:auto;\">\n\t\t\n<style>\n#gap-2088895568 {\n  padding-top: 42px;\n}\n<\/style>\n\t<\/div>\n\t\n<p style=\"margin-left: 20px;\"><strong>Agro Exp\u00e9dition S\u00e9n\u00e9gal Suarl<\/strong><br \/>\nBanlieue Rufisque, Diamniadio<br \/>\nPB 298<br \/>\nDakar, S\u00e9n\u00e9gal<\/p>\n<p style=\"margin-left: 20px;\">Kantoor:<br \/>\nMobiel: <a style=\"font-color: #ffffff;\" title=\"Telephone Agro Expedition International\" href=\"tel:\/\/+221-77-734-7171\">+221 77 734 71 71<\/a><\/p>\n<p style=\"margin-left: 20px;\">E-mail:<a href=\"mailto:info@agro-senegal.com\"> info@agro-senegal.com<\/a><br \/>\nWebsite:<a title=\"Agro Expedition International\" href=\"https:\/\/agro-senegal.com\/fr\/\" target=\"_blank\" rel=\"noopener noreferrer\"> https:\/\/agro-senegal.com\/<\/a><\/p>\n<p style=\"margin-left: 20px;\">Kamer van Koophandel: DKR2016B12591<br \/>\nBTWnr: 0059396922D2<\/p>\n<p><a title=\"Facebook - Agro Expedition International\" href=\"https:\/\/www.facebook.com\/pages\/agro-expedition-international\/1427018724260645\" target=\"_blank\" rel=\"noopener noreferrer\"><img loading=\"lazy\" decoding=\"async\" style=\"margin-left: 20px; margin-bottom: 5px;\" src=\"https:\/\/agro-senegal.com\/wp-content\/uploads\/2019\/07\/facebook-agro-expedition-international.png\" alt=\"facebook-agro-expedition-international\" width=\"30\" height=\"30\" \/>\u00a0\u00a0\u00a0facebook.com<\/a><br \/>\n\t<div id=\"gap-521079661\" class=\"gap-element clearfix\" style=\"display:block; height:auto;\">\n\t\t\n<style>\n#gap-521079661 {\n  padding-top: 13px;\n}\n<\/style>\n\t<\/div>\n\t\n\t\t<\/div>\n\n\t\t\n<style>\n#section_1867650879 {\n  padding-top: 10px;\n  padding-bottom: 10px;\n  margin-bottom: 10px;\n}\n<\/style>\n\t<\/section>\n\t\n\t\t<\/div>\n\t\t\t\t\t<\/div>\n\n\t\n\n\t<div id=\"col-866481806\" class=\"col medium-1\/2 large-6\"  >\n\t\t\t\t<div class=\"col-inner\"  >\n\t\t\t\n\t\t\t\n<h1>Stuur ons een e-mail<\/h1>\n<hr \/>\n\n<div class=\"wpcf7 no-js\" id=\"wpcf7-f509-o1\" lang=\"nl-NL\" dir=\"ltr\" data-wpcf7-id=\"509\">\n<div class=\"screen-reader-response\"><p role=\"status\" aria-live=\"polite\" aria-atomic=\"true\"><\/p> <ul><\/ul><\/div>\n<form action=\"\/nl\/wp-json\/wp\/v2\/pages\/508#wpcf7-f509-o1\" method=\"post\" class=\"wpcf7-form init\" aria-label=\"Contactformulier\" novalidate=\"novalidate\" data-status=\"init\">\n<div style=\"display: none;\">\n<input type=\"hidden\" name=\"_wpcf7\" value=\"509\" \/>\n<input type=\"hidden\" name=\"_wpcf7_version\" value=\"6.0.6\" \/>\n<input type=\"hidden\" name=\"_wpcf7_locale\" value=\"nl_NL\" \/>\n<input type=\"hidden\" name=\"_wpcf7_unit_tag\" value=\"wpcf7-f509-o1\" \/>\n<input type=\"hidden\" name=\"_wpcf7_container_post\" value=\"0\" \/>\n<input type=\"hidden\" name=\"_wpcf7_posted_data_hash\" value=\"\" \/>\n<\/div>\n<p><label> Uw naam*<br \/>\n<span class=\"wpcf7-form-control-wrap\" data-name=\"your-name\"><input size=\"40\" maxlength=\"400\" class=\"wpcf7-form-control wpcf7-text wpcf7-validates-as-required\" aria-required=\"true\" aria-invalid=\"false\" value=\"\" type=\"text\" name=\"your-name\" \/><\/span> <\/label>\n<\/p>\n<p><label> Land*<br \/>\n<span class=\"wpcf7-form-control-wrap\" data-name=\"country\"><input size=\"40\" maxlength=\"400\" class=\"wpcf7-form-control wpcf7-text wpcf7-validates-as-required\" aria-required=\"true\" aria-invalid=\"false\" value=\"\" type=\"text\" name=\"country\" \/><\/span> <\/label>\n<\/p>\n<p><label> Telefoon*<br \/>\n<span class=\"wpcf7-form-control-wrap\" data-name=\"telephone\"><input size=\"40\" maxlength=\"400\" class=\"wpcf7-form-control wpcf7-text wpcf7-validates-as-required\" aria-required=\"true\" aria-invalid=\"false\" value=\"\" type=\"text\" name=\"telephone\" \/><\/span> <\/label>\n<\/p>\n<p><label> E-mail*<br \/>\n<span class=\"wpcf7-form-control-wrap\" data-name=\"your-email\"><input size=\"40\" maxlength=\"400\" class=\"wpcf7-form-control wpcf7-email wpcf7-validates-as-required wpcf7-text wpcf7-validates-as-email\" aria-required=\"true\" aria-invalid=\"false\" value=\"\" type=\"email\" name=\"your-email\" \/><\/span> <\/label>\n<\/p>\n<p><label> Uw bericht*<br \/>\n<span class=\"wpcf7-form-control-wrap\" data-name=\"your-message\"><textarea cols=\"40\" rows=\"10\" maxlength=\"2000\" class=\"wpcf7-form-control wpcf7-textarea wpcf7-validates-as-required\" aria-required=\"true\" aria-invalid=\"false\" name=\"your-message\"><\/textarea><\/span> <\/label>\n<\/p>\n<p><input class=\"wpcf7-form-control wpcf7-submit has-spinner\" type=\"submit\" value=\"Verstuur\" \/>\n<\/p><div class=\"wpcf7-response-output\" aria-hidden=\"true\"><\/div>\n<\/form>\n<\/div>\n\n\t\t<\/div>\n\t\t\t\t\t<\/div>\n\n\t\n<\/div>\n<p>&nbsp;<\/p>\n","protected":false},"excerpt":{"rendered":"<p>&nbsp; &nbsp;<\/p>\n","protected":false},"author":1,"featured_media":0,"parent":0,"menu_order":0,"comment_status":"closed","ping_status":"closed","template":"page-blank.php","meta":{"footnotes":""},"class_list":["post-508","page","type-page","status-publish","hentry"],"yoast_head":"<!-- This site is optimized with the Yoast SEO plugin v25.2 - https:\/\/yoast.com\/wordpress\/plugins\/seo\/ -->\n<title>Contact - Agro Expedition S\u00e9n\u00e9gal<\/title>\n<meta name=\"description\" content=\"Contact met Agro Expedition Senegal\" \/>\n<meta name=\"robots\" content=\"index, follow, max-snippet:-1, max-image-preview:large, max-video-preview:-1\" \/>\n<link rel=\"canonical\" href=\"https:\/\/agro-senegal.com\/nl\/contact\/\" \/>\n<meta property=\"og:locale\" content=\"nl_NL\" \/>\n<meta property=\"og:type\" content=\"article\" \/>\n<meta property=\"og:title\" content=\"Contact - Agro Expedition S\u00e9n\u00e9gal\" \/>\n<meta property=\"og:description\" content=\"Contact met Agro Expedition Senegal\" \/>\n<meta property=\"og:url\" content=\"https:\/\/agro-senegal.com\/nl\/contact\/\" \/>\n<meta property=\"og:site_name\" content=\"Agro Expedition S\u00e9n\u00e9gal\" \/>\n<meta property=\"article:modified_time\" content=\"2021-10-01T09:18:02+00:00\" \/>\n<meta property=\"og:image\" content=\"https:\/\/agro-senegal.com\/wp-content\/uploads\/2019\/07\/facebook-agro-expedition-international.png\" \/>\n<meta name=\"twitter:card\" content=\"summary_large_image\" \/>\n<script type=\"application\/ld+json\" class=\"yoast-schema-graph\">{\"@context\":\"https:\/\/schema.org\",\"@graph\":[{\"@type\":\"WebPage\",\"@id\":\"https:\/\/agro-senegal.com\/nl\/contact\/\",\"url\":\"https:\/\/agro-senegal.com\/nl\/contact\/\",\"name\":\"Contact - Agro Expedition S\u00e9n\u00e9gal\",\"isPartOf\":{\"@id\":\"https:\/\/agro-senegal.com\/#website\"},\"primaryImageOfPage\":{\"@id\":\"https:\/\/agro-senegal.com\/nl\/contact\/#primaryimage\"},\"image\":{\"@id\":\"https:\/\/agro-senegal.com\/nl\/contact\/#primaryimage\"},\"thumbnailUrl\":\"https:\/\/agro-senegal.com\/wp-content\/uploads\/2019\/07\/facebook-agro-expedition-international.png\",\"datePublished\":\"2019-11-25T19:02:29+00:00\",\"dateModified\":\"2021-10-01T09:18:02+00:00\",\"description\":\"Contact met Agro Expedition Senegal\",\"breadcrumb\":{\"@id\":\"https:\/\/agro-senegal.com\/nl\/contact\/#breadcrumb\"},\"inLanguage\":\"nl-NL\",\"potentialAction\":[{\"@type\":\"ReadAction\",\"target\":[\"https:\/\/agro-senegal.com\/nl\/contact\/\"]}]},{\"@type\":\"ImageObject\",\"inLanguage\":\"nl-NL\",\"@id\":\"https:\/\/agro-senegal.com\/nl\/contact\/#primaryimage\",\"url\":\"https:\/\/agro-senegal.com\/wp-content\/uploads\/2019\/07\/facebook-agro-expedition-international.png\",\"contentUrl\":\"https:\/\/agro-senegal.com\/wp-content\/uploads\/2019\/07\/facebook-agro-expedition-international.png\"},{\"@type\":\"BreadcrumbList\",\"@id\":\"https:\/\/agro-senegal.com\/nl\/contact\/#breadcrumb\",\"itemListElement\":[{\"@type\":\"ListItem\",\"position\":1,\"name\":\"Home\",\"item\":\"https:\/\/agro-senegal.com\/nl\/\"},{\"@type\":\"ListItem\",\"position\":2,\"name\":\"Contact\"}]},{\"@type\":\"WebSite\",\"@id\":\"https:\/\/agro-senegal.com\/#website\",\"url\":\"https:\/\/agro-senegal.com\/\",\"name\":\"Agro Expedition S\u00e9n\u00e9gal\",\"description\":\"\",\"potentialAction\":[{\"@type\":\"SearchAction\",\"target\":{\"@type\":\"EntryPoint\",\"urlTemplate\":\"https:\/\/agro-senegal.com\/?s={search_term_string}\"},\"query-input\":{\"@type\":\"PropertyValueSpecification\",\"valueRequired\":true,\"valueName\":\"search_term_string\"}}],\"inLanguage\":\"nl-NL\"}]}<\/script>\n<!-- \/ Yoast SEO plugin. -->","yoast_head_json":{"title":"Contact - Agro Expedition S\u00e9n\u00e9gal","description":"Contact met Agro Expedition Senegal","robots":{"index":"index","follow":"follow","max-snippet":"max-snippet:-1","max-image-preview":"max-image-preview:large","max-video-preview":"max-video-preview:-1"},"canonical":"https:\/\/agro-senegal.com\/nl\/contact\/","og_locale":"nl_NL","og_type":"article","og_title":"Contact - Agro Expedition S\u00e9n\u00e9gal","og_description":"Contact met Agro Expedition Senegal","og_url":"https:\/\/agro-senegal.com\/nl\/contact\/","og_site_name":"Agro Expedition S\u00e9n\u00e9gal","article_modified_time":"2021-10-01T09:18:02+00:00","og_image":[{"url":"https:\/\/agro-senegal.com\/wp-content\/uploads\/2019\/07\/facebook-agro-expedition-international.png","type":"","width":"","height":""}],"twitter_card":"summary_large_image","schema":{"@context":"https:\/\/schema.org","@graph":[{"@type":"WebPage","@id":"https:\/\/agro-senegal.com\/nl\/contact\/","url":"https:\/\/agro-senegal.com\/nl\/contact\/","name":"Contact - Agro Expedition S\u00e9n\u00e9gal","isPartOf":{"@id":"https:\/\/agro-senegal.com\/#website"},"primaryImageOfPage":{"@id":"https:\/\/agro-senegal.com\/nl\/contact\/#primaryimage"},"image":{"@id":"https:\/\/agro-senegal.com\/nl\/contact\/#primaryimage"},"thumbnailUrl":"https:\/\/agro-senegal.com\/wp-content\/uploads\/2019\/07\/facebook-agro-expedition-international.png","datePublished":"2019-11-25T19:02:29+00:00","dateModified":"2021-10-01T09:18:02+00:00","description":"Contact met Agro Expedition Senegal","breadcrumb":{"@id":"https:\/\/agro-senegal.com\/nl\/contact\/#breadcrumb"},"inLanguage":"nl-NL","potentialAction":[{"@type":"ReadAction","target":["https:\/\/agro-senegal.com\/nl\/contact\/"]}]},{"@type":"ImageObject","inLanguage":"nl-NL","@id":"https:\/\/agro-senegal.com\/nl\/contact\/#primaryimage","url":"https:\/\/agro-senegal.com\/wp-content\/uploads\/2019\/07\/facebook-agro-expedition-international.png","contentUrl":"https:\/\/agro-senegal.com\/wp-content\/uploads\/2019\/07\/facebook-agro-expedition-international.png"},{"@type":"BreadcrumbList","@id":"https:\/\/agro-senegal.com\/nl\/contact\/#breadcrumb","itemListElement":[{"@type":"ListItem","position":1,"name":"Home","item":"https:\/\/agro-senegal.com\/nl\/"},{"@type":"ListItem","position":2,"name":"Contact"}]},{"@type":"WebSite","@id":"https:\/\/agro-senegal.com\/#website","url":"https:\/\/agro-senegal.com\/","name":"Agro Expedition S\u00e9n\u00e9gal","description":"","potentialAction":[{"@type":"SearchAction","target":{"@type":"EntryPoint","urlTemplate":"https:\/\/agro-senegal.com\/?s={search_term_string}"},"query-input":{"@type":"PropertyValueSpecification","valueRequired":true,"valueName":"search_term_string"}}],"inLanguage":"nl-NL"}]}},"_links":{"self":[{"href":"https:\/\/agro-senegal.com\/nl\/wp-json\/wp\/v2\/pages\/508","targetHints":{"allow":["GET"]}}],"collection":[{"href":"https:\/\/agro-senegal.com\/nl\/wp-json\/wp\/v2\/pages"}],"about":[{"href":"https:\/\/agro-senegal.com\/nl\/wp-json\/wp\/v2\/types\/page"}],"author":[{"embeddable":true,"href":"https:\/\/agro-senegal.com\/nl\/wp-json\/wp\/v2\/users\/1"}],"replies":[{"embeddable":true,"href":"https:\/\/agro-senegal.com\/nl\/wp-json\/wp\/v2\/comments?post=508"}],"version-history":[{"count":4,"href":"https:\/\/agro-senegal.com\/nl\/wp-json\/wp\/v2\/pages\/508\/revisions"}],"predecessor-version":[{"id":556,"href":"https:\/\/agro-senegal.com\/nl\/wp-json\/wp\/v2\/pages\/508\/revisions\/556"}],"wp:attachment":[{"href":"https:\/\/agro-senegal.com\/nl\/wp-json\/wp\/v2\/media?parent=508"}],"curies":[{"name":"wp","href":"https:\/\/api.w.org\/{rel}","templated":true}]}}